{"id":1305925,"date":"2021-07-14T11:21:13","date_gmt":"2021-07-14T09:21:13","guid":{"rendered":"http:\/\/escoladeligop.com\/materiales\/"},"modified":"2022-12-14T20:01:43","modified_gmt":"2022-12-14T19:01:43","slug":"materiales","status":"publish","type":"page","link":"https:\/\/escoladeligop.com\/es\/materiales\/","title":{"rendered":"Materiales"},"content":{"rendered":"<p>[et_pb_section fb_built=\u00bb1&#8243; _builder_version=\u00bb3.22&#8243;][et_pb_row _builder_version=\u00bb4.9.7&#8243; background_color=\u00bb#C88BDA\u00bb background_size=\u00bbinitial\u00bb background_position=\u00bbtop_left\u00bb background_repeat=\u00bbrepeat\u00bb][et_pb_column type=\u00bb4_4&#8243; _builder_version=\u00bb3.25&#8243; custom_padding=\u00bb|||\u00bb custom_padding__hover=\u00bb|||\u00bb][et_pb_text _builder_version=\u00bb4.9.7&#8243; link_text_color=\u00bb#0C71C3&#8243; background_size=\u00bbinitial\u00bb background_position=\u00bbtop_left\u00bb background_repeat=\u00bbrepeat\u00bb]<\/p>\n<h4 style=\"text-align: center;\">Publicaciones<\/h4>\n<p>[\/et_pb_text][\/et_pb_column][\/et_pb_row][et_pb_row column_structure=\u00bb1_3,1_3,1_3&#8243; _builder_version=\u00bb4.9.7&#8243; background_size=\u00bbinitial\u00bb background_position=\u00bbtop_left\u00bb background_repeat=\u00bbrepeat\u00bb][et_pb_column type=\u00bb1_3&#8243; _builder_version=\u00bb3.25&#8243; custom_padding=\u00bb|||\u00bb custom_padding__hover=\u00bb|||\u00bb][et_pb_text _builder_version=\u00bb4.9.7&#8243; link_text_color=\u00bb#0C71C3&#8243; background_size=\u00bbinitial\u00bb background_position=\u00bbtop_left\u00bb background_repeat=\u00bbrepeat\u00bb]<\/p>\n<p><img loading=\"lazy\" decoding=\"async\" class=\"wp-image-1302111 aligncenter size-full\" src=\"http:\/\/escoladeligop.com\/wp-content\/uploads\/2022\/11\/MATERIAL-Guia-operativa.jpg\" alt=\"\" width=\"383\" height=\"170\" srcset=\"https:\/\/escoladeligop.com\/wp-content\/uploads\/2022\/11\/MATERIAL-Guia-operativa.jpg 383w, https:\/\/escoladeligop.com\/wp-content\/uploads\/2022\/11\/MATERIAL-Guia-operativa-300x133.jpg 300w\" sizes=\"auto, (max-width: 383px) 100vw, 383px\" \/><\/p>\n<p><strong>\u00d3scar Rebollo; Ernesto Morales y Sheila Gonz\u00e1lez<\/strong> (2016); Gu\u00eda operativa de evaluaci\u00f3n de la acci\u00f3n comunitaria; IGOP\u2014UAB; Con el apoyo de \u00c0rea de Qualitat de Vida, Igualtat i Esports (Ajuntament de Barcelona). <a title=\"Guia Operativa Evaluaci\u00f3n Acci\u00f3n Operativa\" href=\"https:\/\/igop.uab.cat\/wp-content\/uploads\/2016\/03\/Guia_operativa-EAC_2016.pdf\" target=\"_blank\" rel=\"noopener\">[ pdf ]<\/a><\/p>\n<p>[\/et_pb_text][et_pb_text _builder_version=\u00bb4.9.7&#8243; link_text_color=\u00bb#0C71C3&#8243; background_size=\u00bbinitial\u00bb background_position=\u00bbtop_left\u00bb background_repeat=\u00bbrepeat\u00bb]<\/p>\n<p><img loading=\"lazy\" decoding=\"async\" class=\"aligncenter wp-image-1303933 size-full\" src=\"http:\/\/escoladeligop.com\/wp-content\/uploads\/2022\/12\/Publicacio-Accion-Comunitaria.jpg\" alt=\"Publicaci\u00f3n Acci\u00f3n comunitaria m\u00e9xico\" width=\"383\" height=\"170\" srcset=\"https:\/\/escoladeligop.com\/wp-content\/uploads\/2022\/12\/Publicacio-Accion-Comunitaria.jpg 383w, https:\/\/escoladeligop.com\/wp-content\/uploads\/2022\/12\/Publicacio-Accion-Comunitaria-300x133.jpg 300w\" sizes=\"auto, (max-width: 383px) 100vw, 383px\" \/><\/p>\n<p><strong>Covarrubias, J.D., Capdevila, Laura &amp; Chamorro M.A. (coord.)<\/strong>: De la acci\u00f3n comunitaria al desarrollo social. Debates en torno a los procesos de gesti\u00f3n social. Primera edici\u00f3n, 2019; D.R. \u00a9 Universidad de Guadalajara, Jalisco, M\u00e9xico ISBN E-book 978-607-547-764-0. [ <a href=\"http:\/\/www.publicaciones.cucsh.udg.mx\/kiosko\/2019\/accion_comunitaria.pdf\" target=\"_blank\" rel=\"noopener\">pdf<\/a> ]<\/p>\n<p>[\/et_pb_text][\/et_pb_column][et_pb_column type=\u00bb1_3&#8243; _builder_version=\u00bb3.25&#8243; custom_padding=\u00bb|||\u00bb custom_padding__hover=\u00bb|||\u00bb][et_pb_text _builder_version=\u00bb4.9.7&#8243; link_text_color=\u00bb#0C71C3&#8243; background_size=\u00bbinitial\u00bb background_position=\u00bbtop_left\u00bb background_repeat=\u00bbrepeat\u00bb]<\/p>\n<p><img loading=\"lazy\" decoding=\"async\" class=\"wp-image-1302109 aligncenter size-full\" src=\"http:\/\/escoladeligop.com\/wp-content\/uploads\/2022\/11\/MATERIAL-Debat-Public.jpg\" alt=\"\" width=\"383\" height=\"170\" srcset=\"https:\/\/escoladeligop.com\/wp-content\/uploads\/2022\/11\/MATERIAL-Debat-Public.jpg 383w, https:\/\/escoladeligop.com\/wp-content\/uploads\/2022\/11\/MATERIAL-Debat-Public-300x133.jpg 300w\" sizes=\"auto, (max-width: 383px) 100vw, 383px\" \/><\/p>\n<p><strong>Pindado, Fernando<\/strong> i <strong>Rebollo, Oscar<\/strong> (coord.); Informe sobre el debat p\u00fablic i qualitat democr\u00e0tica. Informe IGOP 2012 [ <a title=\"Informe debate p\u00fablico y cualidad democr\u00e1tica\" href=\"https:\/\/igop.uab.cat\/wp-content\/uploads\/2014\/01\/DEBAT_PUBLIC_IGOP_2012.pdf\" target=\"_blank\" rel=\"noopener\">pdf<\/a> ]<\/p>\n<p>[\/et_pb_text][\/et_pb_column][et_pb_column type=\u00bb1_3&#8243; _builder_version=\u00bb3.25&#8243; custom_padding=\u00bb|||\u00bb custom_padding__hover=\u00bb|||\u00bb][et_pb_text _builder_version=\u00bb4.9.7&#8243; link_text_color=\u00bb#0C71C3&#8243; background_size=\u00bbinitial\u00bb background_position=\u00bbtop_left\u00bb background_repeat=\u00bbrepeat\u00bb]<\/p>\n<p><img loading=\"lazy\" decoding=\"async\" class=\"wp-image-1301750 aligncenter size-full\" src=\"http:\/\/escoladeligop.com\/wp-content\/uploads\/2022\/11\/Debate-publico.jpg\" alt=\"\" width=\"383\" height=\"170\" srcset=\"https:\/\/escoladeligop.com\/wp-content\/uploads\/2022\/11\/Debate-publico.jpg 383w, https:\/\/escoladeligop.com\/wp-content\/uploads\/2022\/11\/Debate-publico-300x133.jpg 300w\" sizes=\"auto, (max-width: 383px) 100vw, 383px\" \/><\/p>\n<p><strong>Pindado, Fernando &amp; Rebollo, \u00d2scar<\/strong>; Informe sobre el Debate p\u00fablico y Calidad Democr\u00e1tica; Barcelona, Edici\u00f3n propia IGOP, 2015. <a href=\"https:\/\/igop.uab.cat\/wp-content\/uploads\/2015\/04\/DEBATE_PUBLICO_2015_A4-IGOP.pdf\">[<\/a> <a href=\"https:\/\/igop.uab.cat\/wp-content\/uploads\/2015\/04\/DEBATE_PUBLICO_2015_A4-IGOP.pdf\">pdf<\/a> <a href=\"https:\/\/igop.uab.cat\/wp-content\/uploads\/2015\/04\/DEBATE_PUBLICO_2015_A4-IGOP.pdf\">]<\/a><\/p>\n<p>[\/et_pb_text][\/et_pb_column][\/et_pb_row][et_pb_row _builder_version=\u00bb4.9.7&#8243; background_color=\u00bb#c88bda\u00bb background_size=\u00bbinitial\u00bb background_position=\u00bbtop_left\u00bb background_repeat=\u00bbrepeat\u00bb][et_pb_column type=\u00bb4_4&#8243; _builder_version=\u00bb3.25&#8243; custom_padding=\u00bb|||\u00bb custom_padding__hover=\u00bb|||\u00bb][et_pb_text _builder_version=\u00bb4.9.7&#8243; link_text_color=\u00bb#0C71C3&#8243; background_size=\u00bbinitial\u00bb background_position=\u00bbtop_left\u00bb background_repeat=\u00bbrepeat\u00bb]<\/p>\n<h4 style=\"text-align: center;\">V\u00eddeos<\/h4>\n<p>[\/et_pb_text][\/et_pb_column][\/et_pb_row][et_pb_row column_structure=\u00bb1_3,1_3,1_3&#8243; _builder_version=\u00bb4.9.7&#8243; _module_preset=\u00bbdefault\u00bb][et_pb_column type=\u00bb1_3&#8243; _builder_version=\u00bb4.9.7&#8243; _module_preset=\u00bbdefault\u00bb][et_pb_video src=\u00bbhttps:\/\/youtu.be\/8Gyd-4qcEJ8&#8243; _builder_version=\u00bb4.9.7&#8243; _module_preset=\u00bbdefault\u00bb][\/et_pb_video][\/et_pb_column][et_pb_column type=\u00bb1_3&#8243; _builder_version=\u00bb4.9.7&#8243; _module_preset=\u00bbdefault\u00bb][et_pb_video src=\u00bbhttps:\/\/youtu.be\/rzoRCbdNP4w\u00bb _builder_version=\u00bb4.9.7&#8243; _module_preset=\u00bbdefault\u00bb][\/et_pb_video][\/et_pb_column][et_pb_column type=\u00bb1_3&#8243; _builder_version=\u00bb4.9.7&#8243; _module_preset=\u00bbdefault\u00bb][et_pb_video src=\u00bbhttps:\/\/youtu.be\/mXpSHxcg1g0&#8243; _builder_version=\u00bb4.9.7&#8243; _module_preset=\u00bbdefault\u00bb][\/et_pb_video][\/et_pb_column][\/et_pb_row][et_pb_row _builder_version=\u00bb4.9.7&#8243; background_color=\u00bb#c88bda\u00bb background_size=\u00bbinitial\u00bb background_position=\u00bbtop_left\u00bb background_repeat=\u00bbrepeat\u00bb][et_pb_column type=\u00bb4_4&#8243; _builder_version=\u00bb3.25&#8243; custom_padding=\u00bb|||\u00bb custom_padding__hover=\u00bb|||\u00bb][et_pb_text _builder_version=\u00bb4.9.7&#8243; background_size=\u00bbinitial\u00bb background_position=\u00bbtop_left\u00bb background_repeat=\u00bbrepeat\u00bb]<\/p>\n<h4 style=\"text-align: center;\">Blogs de proyectos<\/h4>\n<p>[\/et_pb_text][\/et_pb_column][\/et_pb_row][et_pb_row column_structure=\u00bb1_3,1_3,1_3&#8243; _builder_version=\u00bb4.9.7&#8243; background_size=\u00bbinitial\u00bb background_position=\u00bbtop_left\u00bb background_repeat=\u00bbrepeat\u00bb][et_pb_column type=\u00bb1_3&#8243; _builder_version=\u00bb3.25&#8243; custom_padding=\u00bb|||\u00bb custom_padding__hover=\u00bb|||\u00bb][et_pb_image src=\u00bbhttp:\/\/escoladeligop.com\/wp-content\/uploads\/2022\/11\/Accio-Comunitaria-Salut.jpg\u00bb title_text=\u00bbAcci\u00f3n-Comunitaria-Salud\u00bb _builder_version=\u00bb4.9.7&#8243; _module_preset=\u00bbdefault\u00bb][\/et_pb_image][et_pb_text _builder_version=\u00bb4.9.7&#8243; link_text_color=\u00bb#0C71C3&#8243; background_size=\u00bbinitial\u00bb background_position=\u00bbtop_left\u00bb background_repeat=\u00bbrepeat\u00bb]<\/p>\n<p><strong>Salud comunitaria<\/strong><br \/>(<a href=\"https:\/\/webs.uab.cat\/salutcomunitaria\" target=\"_blank\" rel=\"noopener\">Enlace al web del proyecto<\/a>)<\/p>\n<p>[\/et_pb_text][\/et_pb_column][et_pb_column type=\u00bb1_3&#8243; _builder_version=\u00bb3.25&#8243; custom_padding=\u00bb|||\u00bb custom_padding__hover=\u00bb|||\u00bb][et_pb_image src=\u00bbhttp:\/\/escoladeligop.com\/wp-content\/uploads\/2022\/11\/Coproduccio-Procomu.jpg\u00bb title_text=\u00bbCoproduccion-Procomun\u00bb _builder_version=\u00bb4.9.7&#8243; _module_preset=\u00bbdefault\u00bb][\/et_pb_image][et_pb_text _builder_version=\u00bb4.9.7&#8243; link_text_color=\u00bb#0C71C3&#8243; background_size=\u00bbinitial\u00bb background_position=\u00bbtop_left\u00bb background_repeat=\u00bbrepeat\u00bb]<\/p>\n<p><strong>Coproducci\u00f3n procom\u00fan<\/strong><br \/>(<a href=\"https:\/\/webs.uab.cat\/coproduccioprocomu\" target=\"_blank\" rel=\"noopener\">Enlace al web del proyecto<\/a>)<\/p>\n<p>[\/et_pb_text][\/et_pb_column][et_pb_column type=\u00bb1_3&#8243; _builder_version=\u00bb3.25&#8243; custom_padding=\u00bb|||\u00bb custom_padding__hover=\u00bb|||\u00bb][\/et_pb_column][\/et_pb_row][et_pb_row disabled_on=\u00bbon|on|on\u00bb _builder_version=\u00bb4.9.7&#8243; background_color=\u00bb#D6D6D6&#8243; background_size=\u00bbinitial\u00bb background_position=\u00bbtop_left\u00bb background_repeat=\u00bbrepeat\u00bb disabled=\u00bbon\u00bb][et_pb_column type=\u00bb4_4&#8243; _builder_version=\u00bb3.25&#8243; custom_padding=\u00bb|||\u00bb custom_padding__hover=\u00bb|||\u00bb][et_pb_text _builder_version=\u00bb4.9.7&#8243; background_size=\u00bbinitial\u00bb background_position=\u00bbtop_left\u00bb background_repeat=\u00bbrepeat\u00bb]<\/p>\n<h4 style=\"text-align: center;\">Otros<\/h4>\n<p>[\/et_pb_text][\/et_pb_column][\/et_pb_row][et_pb_row disabled_on=\u00bbon|on|on\u00bb _builder_version=\u00bb4.9.7&#8243; background_size=\u00bbinitial\u00bb background_position=\u00bbtop_left\u00bb background_repeat=\u00bbrepeat\u00bb disabled=\u00bbon\u00bb][et_pb_column type=\u00bb4_4&#8243; _builder_version=\u00bb3.25&#8243; custom_padding=\u00bb|||\u00bb custom_padding__hover=\u00bb|||\u00bb][et_pb_text _builder_version=\u00bb4.9.7&#8243; link_text_color=\u00bb#0C71C3&#8243; background_size=\u00bbinitial\u00bb background_position=\u00bbtop_left\u00bb background_repeat=\u00bbrepeat\u00bb]<\/p>\n<h4>Informes<\/h4>\n<p><strong><img loading=\"lazy\" decoding=\"async\" class=\"alignleft wp-image-1300278 size-full\" src=\"http:\/\/escoladeligop.com\/wp-content\/uploads\/2022\/10\/Guia-operativa-accio-comunitaria-1.jpg\" alt=\"\" width=\"189\" height=\"267\">\u00d3scar Rebollo; Ernesto Morales y Sheila Gonz\u00e1lez<\/strong> (2016); Gu\u00eda operativa de evaluaci\u00f3n de la acci\u00f3n comunitaria; IGOP\u2014UAB; Con el apoyo de \u00c0rea de Qualitat de Vida, Igualtat i Esports (Ajuntament de Barcelona).<\/p>\n<p>Evaluar los avances e impactos de la acci\u00f3n comunitaria siempre ha sido un reto complejo que implica medir los cambios en la dinamizaci\u00f3n de procesos relacionales entre actores diversos, en la transformaci\u00f3n de las formas organizaci\u00f3n y trabajo, as\u00ed como el fortalecimiento y la generaci\u00f3n de autonom\u00eda en individuos, grupos y comunidades.<\/p>\n<p>Durante dos a\u00f1os el equipo de acci\u00f3n comunitaria del IGOP estuvo trabajando por encargo del Ayuntamiento de Barcelona en la elaboraci\u00f3n de la Gu\u00eda operativa de Evaluaci\u00f3n de la acci\u00f3n comunitaria, en la que se implic\u00f3 a lo grande cantidad de experiencias, profesionales y expertos de referencia en el tema.<\/p>\n<p>Un a\u00f1o despu\u00e9s de su edici\u00f3n, despu\u00e9s de su buena acogida y la gran cantidad de demandas recibidas de investigadores, instituciones y colaboradores de pa\u00edses de lengua hispana, la gu\u00eda ha sido traducida y editada en castellano, y puede ser descargada gratuitamente en nuestra p\u00e1gina web.<\/p>\n<p><a title=\"Guia Operativa Evaluaci\u00f3n Acci\u00f3n Operativa\" href=\"https:\/\/igop.uab.cat\/wp-content\/uploads\/2016\/03\/Guia_operativa-EAC_2016.pdf\" target=\"_blank\" rel=\"noopener\">Descargar Gu\u00eda operativa [ pdf ]<\/a><\/p>\n<p>[\/et_pb_text][\/et_pb_column][\/et_pb_row][\/et_pb_section]<\/p>\n","protected":false},"excerpt":{"rendered":"<p>Publicaciones \u00d3scar Rebollo; Ernesto Morales y Sheila Gonz\u00e1lez (2016); Gu\u00eda operativa de evaluaci\u00f3n de la acci\u00f3n comunitaria; IGOP\u2014UAB; Con el apoyo de \u00c0rea de Qualitat de Vida, Igualtat i Esports (Ajuntament de Barcelona). [ pdf ] Covarrubias, J.D., Capdevila, Laura &amp; Chamorro M.A. (coord.): De la acci\u00f3n comunitaria al desarrollo social. Debates en torno a [&hellip;]<\/p>\n","protected":false},"author":1,"featured_media":0,"parent":0,"menu_order":0,"comment_status":"closed","ping_status":"closed","template":"","meta":{"_et_pb_use_builder":"on","_et_pb_old_content":"","_et_gb_content_width":"","footnotes":""},"class_list":["post-1305925","page","type-page","status-publish","hentry"],"_links":{"self":[{"href":"https:\/\/escoladeligop.com\/es\/wp-json\/wp\/v2\/pages\/1305925","targetHints":{"allow":["GET"]}}],"collection":[{"href":"https:\/\/escoladeligop.com\/es\/wp-json\/wp\/v2\/pages"}],"about":[{"href":"https:\/\/escoladeligop.com\/es\/wp-json\/wp\/v2\/types\/page"}],"author":[{"embeddable":true,"href":"https:\/\/escoladeligop.com\/es\/wp-json\/wp\/v2\/users\/1"}],"replies":[{"embeddable":true,"href":"https:\/\/escoladeligop.com\/es\/wp-json\/wp\/v2\/comments?post=1305925"}],"version-history":[{"count":0,"href":"https:\/\/escoladeligop.com\/es\/wp-json\/wp\/v2\/pages\/1305925\/revisions"}],"wp:attachment":[{"href":"https:\/\/escoladeligop.com\/es\/wp-json\/wp\/v2\/media?parent=1305925"}],"curies":[{"name":"wp","href":"https:\/\/api.w.org\/{rel}","templated":true}]}}