{"id":1306383,"date":"2022-11-23T12:52:25","date_gmt":"2022-11-23T11:52:25","guid":{"rendered":"http:\/\/escoladeligop.com\/escuela-de-verano\/"},"modified":"2023-01-12T12:46:26","modified_gmt":"2023-01-12T11:46:26","slug":"escuela-de-verano","status":"publish","type":"page","link":"https:\/\/escoladeligop.com\/es\/escuela-de-verano\/","title":{"rendered":"Escuela de verano"},"content":{"rendered":"<p>[et_pb_section fb_built=\u00bb1&#8243; _builder_version=\u00bb4.9.7&#8243; _module_preset=\u00bbdefault\u00bb][et_pb_row _builder_version=\u00bb4.9.7&#8243; _module_preset=\u00bbdefault\u00bb][et_pb_column type=\u00bb4_4&#8243; _builder_version=\u00bb4.9.7&#8243; _module_preset=\u00bbdefault\u00bb][et_pb_text _builder_version=\u00bb4.9.7&#8243; _module_preset=\u00bbdefault\u00bb]<\/p>\n<p>Un espacio para convivir, aprender y reflexionar sobre cuestiones sociales de actualidad. Nos gusta la idea de una escuela de verano itinerante, que se mueve por el territorio buscando experiencias y personas de las que siempre se puede aprender mucho. Le presentamos un breve resumen de las ediciones anteriores:<\/p>\n<p>[\/et_pb_text][\/et_pb_column][\/et_pb_row][et_pb_row _builder_version=\u00bb4.9.7&#8243; _module_preset=\u00bbdefault\u00bb][et_pb_column type=\u00bb4_4&#8243; _builder_version=\u00bb4.9.7&#8243; _module_preset=\u00bbdefault\u00bb][et_pb_divider _builder_version=\u00bb4.9.7&#8243; _module_preset=\u00bbdefault\u00bb][\/et_pb_divider][\/et_pb_column][\/et_pb_row][et_pb_row column_structure=\u00bb1_4,1_2,1_4&#8243; _builder_version=\u00bb4.9.7&#8243; _module_preset=\u00bbdefault\u00bb][et_pb_column type=\u00bb1_4&#8243; _builder_version=\u00bb4.9.7&#8243; _module_preset=\u00bbdefault\u00bb][et_pb_image src=\u00bbhttp:\/\/escoladeligop.com\/wp-content\/uploads\/2022\/11\/2021-Escola-tardor.jpg\u00bb title_text=\u00bb2021-Escuela-oto\u00f1o\u00bb _builder_version=\u00bb4.9.7&#8243; _module_preset=\u00bbdefault\u00bb box_shadow_style=\u00bbpreset2&#8243;][\/et_pb_image][\/et_pb_column][et_pb_column type=\u00bb1_2&#8243; _builder_version=\u00bb4.9.7&#8243; _module_preset=\u00bbdefault\u00bb][et_pb_text _builder_version=\u00bb4.9.7&#8243; _module_preset=\u00bbdefault\u00bb]<\/p>\n<h3>2021 \/ Oto\u00f1o<br \/><strong>Retos locales y comunitarios en tiempos de pandemia.<\/strong><\/h3>\n<p>Esta Escola d&#8217;Estiu se propone analizar el papel que pueden jugar las pol\u00edticas sociales y la acci\u00f3n comunitaria a la hora de garantizar y ampliar los derechos sociales para todos, reduciendo las desigualdades.<\/p>\n<p>[\/et_pb_text][\/et_pb_column][et_pb_column type=\u00bb1_4&#8243; _builder_version=\u00bb4.9.7&#8243; _module_preset=\u00bbdefault\u00bb][et_pb_text _builder_version=\u00bb4.9.7&#8243; _module_preset=\u00bbdefault\u00bb link_text_color=\u00bb#0C71C3&#8243;]<\/p>\n<p><strong>Programa:<\/strong><br \/><a href=\"http:\/\/escoladeligop.com\/wp-content\/uploads\/2022\/11\/2021_Escola-Tardor-IGOP-UAB-REPTES-Programa.pdf\" target=\"_blank\" rel=\"noopener\">Descargar programa (pdf)<\/a><\/p>\n<p><strong>Fechas:<br \/><\/strong>26 oct, 2 y 9 noviembre<\/p>\n<p>[\/et_pb_text][\/et_pb_column][\/et_pb_row][et_pb_row _builder_version=\u00bb4.9.7&#8243; _module_preset=\u00bbdefault\u00bb][et_pb_column type=\u00bb4_4&#8243; _builder_version=\u00bb4.9.7&#8243; _module_preset=\u00bbdefault\u00bb][et_pb_divider _builder_version=\u00bb4.9.7&#8243; _module_preset=\u00bbdefault\u00bb][\/et_pb_divider][\/et_pb_column][\/et_pb_row][et_pb_row column_structure=\u00bb1_4,1_2,1_4&#8243; _builder_version=\u00bb4.9.7&#8243; _module_preset=\u00bbdefault\u00bb][et_pb_column type=\u00bb1_4&#8243; _builder_version=\u00bb4.9.7&#8243; _module_preset=\u00bbdefault\u00bb][et_pb_image src=\u00bbhttp:\/\/escoladeligop.com\/wp-content\/uploads\/2022\/11\/2019-Escola-Estiu.jpg\u00bb title_text=\u00bb2019-Escuela-verano\u00bb _builder_version=\u00bb4.9.7&#8243; _module_preset=\u00bbdefault\u00bb box_shadow_style=\u00bbpreset2&#8243;][\/et_pb_image][\/et_pb_column][et_pb_column type=\u00bb1_2&#8243; _builder_version=\u00bb4.9.7&#8243; _module_preset=\u00bbdefault\u00bb][et_pb_text _builder_version=\u00bb4.9.7&#8243; _module_preset=\u00bbdefault\u00bb]<\/p>\n<h3>2019 \/ Verano<br \/><strong>Desigualdad y barrios, \u00bfc\u00f3mo hacerle frente? <\/strong><\/h3>\n<p>Reflexionamos sobre las estrategias: barrios, creatividad, empoderamiento, instituciones.<\/p>\n<p>[\/et_pb_text][\/et_pb_column][et_pb_column type=\u00bb1_4&#8243; _builder_version=\u00bb4.9.7&#8243; _module_preset=\u00bbdefault\u00bb][et_pb_text _builder_version=\u00bb4.9.7&#8243; _module_preset=\u00bbdefault\u00bb link_text_color=\u00bb#0C71C3&#8243;]<\/p>\n<p><strong>Programa:<\/strong><br \/><a href=\"http:\/\/escoladeligop.com\/wp-content\/uploads\/2022\/11\/2019_Escola-Estiu-IGOP-UAB-BARRIS-Programa.pdf\" target=\"_blank\" rel=\"noopener\">Descargar programa (pdf)<\/a><\/p>\n<p><strong>Fechas:<br \/><\/strong>26 oct, 2 y 9 noviembre<\/p>\n<p>[\/et_pb_text][\/et_pb_column][\/et_pb_row][et_pb_row _builder_version=\u00bb4.9.7&#8243; _module_preset=\u00bbdefault\u00bb][et_pb_column type=\u00bb4_4&#8243; _builder_version=\u00bb4.9.7&#8243; _module_preset=\u00bbdefault\u00bb][et_pb_divider _builder_version=\u00bb4.9.7&#8243; _module_preset=\u00bbdefault\u00bb][\/et_pb_divider][\/et_pb_column][\/et_pb_row][et_pb_row column_structure=\u00bb1_4,1_2,1_4&#8243; _builder_version=\u00bb4.9.7&#8243; _module_preset=\u00bbdefault\u00bb][et_pb_column type=\u00bb1_4&#8243; _builder_version=\u00bb4.9.7&#8243; _module_preset=\u00bbdefault\u00bb][et_pb_image src=\u00bbhttp:\/\/escoladeligop.com\/wp-content\/uploads\/2022\/11\/2018-Escola-Estiu.jpg\u00bb title_text=\u00bb2018-Escuela-verano\u00bb _builder_version=\u00bb4.9.7&#8243; _module_preset=\u00bbdefault\u00bb box_shadow_style=\u00bbpreset2&#8243;][\/et_pb_image][\/et_pb_column][et_pb_column type=\u00bb1_2&#8243; _builder_version=\u00bb4.9.7&#8243; _module_preset=\u00bbdefault\u00bb][et_pb_text _builder_version=\u00bb4.9.7&#8243; _module_preset=\u00bbdefault\u00bb]<\/p>\n<h3>2018 \/ Verano<br \/>La dimensi\u00f3n de proximidad de las pol\u00edticas sociales.<\/h3>\n<p>Hicieron \u00e9nfasis en esta necesidad de proximidad para la adaptaci\u00f3n de las estrategias del cambio, tanto desde las perspectivas de la pol\u00edtica p\u00fablica y los servicios p\u00fablicos, como desde las l\u00f3gicas comunitarias que buscan la colaboraci\u00f3n y coproducci\u00f3n para encontrar mejores respuestas.<\/p>\n<p>[\/et_pb_text][\/et_pb_column][et_pb_column type=\u00bb1_4&#8243; _builder_version=\u00bb4.9.7&#8243; _module_preset=\u00bbdefault\u00bb][et_pb_text _builder_version=\u00bb4.9.7&#8243; _module_preset=\u00bbdefault\u00bb link_text_color=\u00bb#0C71C3&#8243;]<\/p>\n<p><strong>Programa:<\/strong><br \/><a href=\"http:\/\/escoladeligop.com\/wp-content\/uploads\/2022\/11\/2018_Escola-Estiu-IGOP-UAB-PROXIMITAT-Programa.pdf\" target=\"_blank\" rel=\"noopener\">Descargar programa (pdf)<\/a><\/p>\n<p><strong>Fechas:<br \/><\/strong>25 a 27 junio 2018<\/p>\n<p>[\/et_pb_text][\/et_pb_column][\/et_pb_row][et_pb_row _builder_version=\u00bb4.9.7&#8243; _module_preset=\u00bbdefault\u00bb][et_pb_column type=\u00bb4_4&#8243; _builder_version=\u00bb4.9.7&#8243; _module_preset=\u00bbdefault\u00bb][et_pb_divider _builder_version=\u00bb4.9.7&#8243; _module_preset=\u00bbdefault\u00bb][\/et_pb_divider][\/et_pb_column][\/et_pb_row][et_pb_row column_structure=\u00bb1_4,1_2,1_4&#8243; _builder_version=\u00bb4.9.7&#8243; _module_preset=\u00bbdefault\u00bb][et_pb_column type=\u00bb1_4&#8243; _builder_version=\u00bb4.9.7&#8243; _module_preset=\u00bbdefault\u00bb][et_pb_image src=\u00bbhttp:\/\/escoladeligop.com\/wp-content\/uploads\/2022\/11\/2017-Escola-Estiu.jpg\u00bb title_text=\u00bb2017-Escuela-verano\u00bb _builder_version=\u00bb4.9.7&#8243; _module_preset=\u00bbdefault\u00bb box_shadow_style=\u00bbpreset2&#8243;][\/et_pb_image][\/et_pb_column][et_pb_column type=\u00bb1_2&#8243; _builder_version=\u00bb4.9.7&#8243; _module_preset=\u00bbdefault\u00bb][et_pb_text _builder_version=\u00bb4.9.7&#8243; _module_preset=\u00bbdefault\u00bb]<\/p>\n<h3>2017<br \/>Desigualdades, Pol\u00edticas sociales y acci\u00f3n comunitaria.<\/h3>\n<p>Analizar el papel que pueden jugar las pol\u00edticas sociales y la acci\u00f3n comunitaria a la hora de garantizar y ampliar los derechos sociales para todos, reduciendo las desigualdades.<\/p>\n<p>[\/et_pb_text][\/et_pb_column][et_pb_column type=\u00bb1_4&#8243; _builder_version=\u00bb4.9.7&#8243; _module_preset=\u00bbdefault\u00bb][et_pb_text _builder_version=\u00bb4.9.7&#8243; _module_preset=\u00bbdefault\u00bb link_text_color=\u00bb#0C71C3&#8243;]<\/p>\n<p><strong>Programa:<\/strong><br \/><a href=\"http:\/\/escoladeligop.com\/wp-content\/uploads\/2022\/11\/2017_Escola-Estiu-IGOP-UAB-DESIGUALTAT-Programa.pdf\" target=\"_blank\" rel=\"noopener\">Descargar programa (pdf)<\/a><\/p>\n<p><strong>Fechas:<br \/><\/strong>26 a 29 junio 2017<\/p>\n<p>[\/et_pb_text][\/et_pb_column][\/et_pb_row][et_pb_row _builder_version=\u00bb4.9.7&#8243; _module_preset=\u00bbdefault\u00bb][et_pb_column type=\u00bb4_4&#8243; _builder_version=\u00bb4.9.7&#8243; _module_preset=\u00bbdefault\u00bb][et_pb_divider _builder_version=\u00bb4.9.7&#8243; _module_preset=\u00bbdefault\u00bb][\/et_pb_divider][\/et_pb_column][\/et_pb_row][et_pb_row column_structure=\u00bb1_4,1_2,1_4&#8243; _builder_version=\u00bb4.9.7&#8243; _module_preset=\u00bbdefault\u00bb][et_pb_column type=\u00bb1_4&#8243; _builder_version=\u00bb4.9.7&#8243; _module_preset=\u00bbdefault\u00bb][et_pb_image src=\u00bbhttp:\/\/escoladeligop.com\/wp-content\/uploads\/2022\/11\/2015-Escola-Estiu.jpg\u00bb title_text=\u00bb2015-Escuela-Verano\u00bb _builder_version=\u00bb4.9.7&#8243; _module_preset=\u00bbdefault\u00bb box_shadow_style=\u00bbpreset2&#8243;][\/et_pb_image][\/et_pb_column][et_pb_column type=\u00bb1_2&#8243; _builder_version=\u00bb4.9.7&#8243; _module_preset=\u00bbdefault\u00bb][et_pb_text _builder_version=\u00bb4.9.7&#8243; _module_preset=\u00bbdefault\u00bb]<\/p>\n<h3>2015<br \/>\u00bfHacia un nuevo municipalismo?.<\/h3>\n<p>Ya han pasado las elecciones muni-<br \/>cipales, no las valoraremos aqu\u00ed, pero s\u00ed queremos debatir sobre el futuro de los municipios.<\/p>\n<p>[\/et_pb_text][\/et_pb_column][et_pb_column type=\u00bb1_4&#8243; _builder_version=\u00bb4.9.7&#8243; _module_preset=\u00bbdefault\u00bb][et_pb_text _builder_version=\u00bb4.9.7&#8243; _module_preset=\u00bbdefault\u00bb link_text_color=\u00bb#0C71C3&#8243; hover_enabled=\u00bb0&#8243; sticky_enabled=\u00bb0&#8243;]<\/p>\n<p><strong>Programa:<\/strong><br \/><a href=\"http:\/\/escoladeligop.com\/wp-content\/uploads\/2022\/11\/2015_Escola-Estiu-IGOP-UAB-MUNICIPALISME-Programa.pdf\" target=\"_blank\" rel=\"noopener\">Descargar programa (pdf)<\/a><\/p>\n<p><strong>Fechas:<br \/><\/strong>29 junio a 3 julio 2015<\/p>\n<p>[\/et_pb_text][\/et_pb_column][\/et_pb_row][et_pb_row _builder_version=\u00bb4.9.7&#8243; _module_preset=\u00bbdefault\u00bb][et_pb_column type=\u00bb4_4&#8243; _builder_version=\u00bb4.9.7&#8243; _module_preset=\u00bbdefault\u00bb][et_pb_divider _builder_version=\u00bb4.9.7&#8243; _module_preset=\u00bbdefault\u00bb][\/et_pb_divider][\/et_pb_column][\/et_pb_row][et_pb_row column_structure=\u00bb1_4,1_2,1_4&#8243; _builder_version=\u00bb4.9.7&#8243; _module_preset=\u00bbdefault\u00bb][et_pb_column type=\u00bb1_4&#8243; _builder_version=\u00bb4.9.7&#8243; _module_preset=\u00bbdefault\u00bb][et_pb_image src=\u00bbhttp:\/\/escoladeligop.com\/wp-content\/uploads\/2022\/11\/2014-Escola-Estiu.jpg\u00bb title_text=\u00bb2014-Escuela-Verano\u00bb _builder_version=\u00bb4.9.7&#8243; _module_preset=\u00bbdefault\u00bb box_shadow_style=\u00bbpreset2&#8243;][\/et_pb_image][\/et_pb_column][et_pb_column type=\u00bb1_2&#8243; _builder_version=\u00bb4.9.7&#8243; _module_preset=\u00bbdefault\u00bb][et_pb_text _builder_version=\u00bb4.9.7&#8243; _module_preset=\u00bbdefault\u00bb]<\/p>\n<h3>2014<br \/>Innovar socialmente para dar respuesta a la gente.<\/h3>\n<p>Presentaremos algunos de los retos y pr\u00e1cticas que conforman el \u00e1mbito heterog\u00e9neo que se esconde bajo la idea de innovaci\u00f3n social.<\/p>\n<p>[\/et_pb_text][\/et_pb_column][et_pb_column type=\u00bb1_4&#8243; _builder_version=\u00bb4.9.7&#8243; _module_preset=\u00bbdefault\u00bb][et_pb_text _builder_version=\u00bb4.9.7&#8243; _module_preset=\u00bbdefault\u00bb link_text_color=\u00bb#0C71C3&#8243;]<\/p>\n<p><strong>Programa:<\/strong><br \/><a href=\"http:\/\/escoladeligop.com\/wp-content\/uploads\/2022\/11\/2014_Escola-Estiu-IGOP-UAB-INNOVAR-Programa.pdf\" target=\"_blank\" rel=\"noopener\">Descargar programa (pdf)<\/a><br \/><a href=\"http:\/\/escoladeligop.com\/wp-content\/uploads\/2022\/11\/2014-poster-cloenda-escola-estiu-igop.pdf\" target=\"_blank\" rel=\"noopener\">Acto de clausura (pdf)<\/a><\/p>\n<p><strong>Fechas:<br \/><\/strong>30 junio a 4 julio 2014<\/p>\n<p>[\/et_pb_text][\/et_pb_column][\/et_pb_row][et_pb_row _builder_version=\u00bb4.9.7&#8243; _module_preset=\u00bbdefault\u00bb][et_pb_column type=\u00bb4_4&#8243; _builder_version=\u00bb4.9.7&#8243; _module_preset=\u00bbdefault\u00bb][et_pb_divider _builder_version=\u00bb4.9.7&#8243; _module_preset=\u00bbdefault\u00bb][\/et_pb_divider][\/et_pb_column][\/et_pb_row][et_pb_row column_structure=\u00bb1_4,1_2,1_4&#8243; _builder_version=\u00bb4.9.7&#8243; _module_preset=\u00bbdefault\u00bb][et_pb_column type=\u00bb1_4&#8243; _builder_version=\u00bb4.9.7&#8243; _module_preset=\u00bbdefault\u00bb][et_pb_image src=\u00bbhttp:\/\/escoladeligop.com\/wp-content\/uploads\/2022\/11\/2013-Escola-Estiu.jpg\u00bb title_text=\u00bb2013-Escuela-Verano\u00bb _builder_version=\u00bb4.9.7&#8243; _module_preset=\u00bbdefault\u00bb box_shadow_style=\u00bbpreset2&#8243;][\/et_pb_image][\/et_pb_column][et_pb_column type=\u00bb1_2&#8243; _builder_version=\u00bb4.9.7&#8243; _module_preset=\u00bbdefault\u00bb][et_pb_text _builder_version=\u00bb4.9.7&#8243; _module_preset=\u00bbdefault\u00bb]<\/p>\n<h3>2013 \/ Escuela Verano<br \/>Experiencias de fortalecimiento ciudadano.<\/h3>\n<p>Debatiremos el concepto de empoderamiento o fortalecimiento de la ciudadan\u00eda. Fomentando cambios individuales, comunitarios e institucionales.<\/p>\n<p>[\/et_pb_text][\/et_pb_column][et_pb_column type=\u00bb1_4&#8243; _builder_version=\u00bb4.9.7&#8243; _module_preset=\u00bbdefault\u00bb][et_pb_text _builder_version=\u00bb4.9.7&#8243; _module_preset=\u00bbdefault\u00bb link_text_color=\u00bb#0C71C3&#8243;]<\/p>\n<p><strong>Programa:<\/strong><br \/><a href=\"http:\/\/escoladeligop.com\/wp-content\/uploads\/2022\/11\/2013_Escola-Estiu-IGOP-UAB-ENFORTIMENT-Programa.pdf\" target=\"_blank\" rel=\"noopener\">Descargar programa (pdf)<\/a><\/p>\n<p><strong>Fechas:<br \/><\/strong>1 a 5 julio 2013<\/p>\n<p>[\/et_pb_text][\/et_pb_column][\/et_pb_row][et_pb_row _builder_version=\u00bb4.9.7&#8243; _module_preset=\u00bbdefault\u00bb][et_pb_column type=\u00bb4_4&#8243; _builder_version=\u00bb4.9.7&#8243; _module_preset=\u00bbdefault\u00bb][et_pb_divider _builder_version=\u00bb4.9.7&#8243; _module_preset=\u00bbdefault\u00bb][\/et_pb_divider][\/et_pb_column][\/et_pb_row][et_pb_row _builder_version=\u00bb4.9.7&#8243; _module_preset=\u00bbdefault\u00bb][et_pb_column type=\u00bb4_4&#8243; _builder_version=\u00bb4.9.7&#8243; _module_preset=\u00bbdefault\u00bb][et_pb_post_slider include_categories=\u00bb266&#8243; _builder_version=\u00bb4.9.7&#8243; _module_preset=\u00bbdefault\u00bb][\/et_pb_post_slider][\/et_pb_column][\/et_pb_row][\/et_pb_section]<\/p>\n","protected":false},"excerpt":{"rendered":"<p>Un espacio para convivir, aprender y reflexionar sobre cuestiones sociales de actualidad. Nos gusta la idea de una escuela de verano itinerante, que se mueve por el territorio buscando experiencias y personas de las que siempre se puede aprender mucho. Le presentamos un breve resumen de las ediciones anteriores:2021 \/ Oto\u00f1oRetos locales y comunitarios en [&hellip;]<\/p>\n","protected":false},"author":1,"featured_media":0,"parent":0,"menu_order":0,"comment_status":"closed","ping_status":"closed","template":"","meta":{"_et_pb_use_builder":"on","_et_pb_old_content":"","_et_gb_content_width":"","footnotes":""},"class_list":["post-1306383","page","type-page","status-publish","hentry"],"_links":{"self":[{"href":"https:\/\/escoladeligop.com\/es\/wp-json\/wp\/v2\/pages\/1306383","targetHints":{"allow":["GET"]}}],"collection":[{"href":"https:\/\/escoladeligop.com\/es\/wp-json\/wp\/v2\/pages"}],"about":[{"href":"https:\/\/escoladeligop.com\/es\/wp-json\/wp\/v2\/types\/page"}],"author":[{"embeddable":true,"href":"https:\/\/escoladeligop.com\/es\/wp-json\/wp\/v2\/users\/1"}],"replies":[{"embeddable":true,"href":"https:\/\/escoladeligop.com\/es\/wp-json\/wp\/v2\/comments?post=1306383"}],"version-history":[{"count":0,"href":"https:\/\/escoladeligop.com\/es\/wp-json\/wp\/v2\/pages\/1306383\/revisions"}],"wp:attachment":[{"href":"https:\/\/escoladeligop.com\/es\/wp-json\/wp\/v2\/media?parent=1306383"}],"curies":[{"name":"wp","href":"https:\/\/api.w.org\/{rel}","templated":true}]}}