{"id":1306414,"date":"2012-12-12T12:33:16","date_gmt":"2012-12-12T11:33:16","guid":{"rendered":"http:\/\/escoladeligop.com\/presentacion\/"},"modified":"2023-09-15T12:22:02","modified_gmt":"2023-09-15T10:22:02","slug":"presentacion","status":"publish","type":"page","link":"https:\/\/escoladeligop.com\/es\/presentacion\/","title":{"rendered":"Presentaci\u00f3n"},"content":{"rendered":"<p>[et_pb_section fb_built=\u00bb1&#8243; admin_label=\u00bbsection\u00bb _builder_version=\u00bb4.16&#8243; global_colors_info=\u00bb{}\u00bb][et_pb_row admin_label=\u00bbrow\u00bb _builder_version=\u00bb4.16&#8243; background_size=\u00bbinitial\u00bb background_position=\u00bbtop_left\u00bb background_repeat=\u00bbrepeat\u00bb global_colors_info=\u00bb{}\u00bb][et_pb_column type=\u00bb4_4&#8243; _builder_version=\u00bb4.16&#8243; custom_padding=\u00bb|||\u00bb global_colors_info=\u00bb{}\u00bb custom_padding__hover=\u00bb|||\u00bb][et_pb_text admin_label=\u00bbText\u00bb _builder_version=\u00bb4.21.0&#8243; background_size=\u00bbinitial\u00bb background_position=\u00bbtop_left\u00bb background_repeat=\u00bbrepeat\u00bb hover_enabled=\u00bb0&#8243; global_colors_info=\u00bb{}\u00bb link_text_color=\u00bb#0C71C3&#8243; sticky_enabled=\u00bb0&#8243;]<\/p>\n<p><strong>ESCUELA DE POL\u00cdTICAS SOCIALES Y URBANAS IGOP-UAB<\/strong><\/p>\n<p><strong>La Escuela del IGOP<\/strong><strong> es un espacio universitario dedicado a la transferencia social y la construcci\u00f3n compartida de conocimientos \u00fatiles para la construcci\u00f3n de una sociedad m\u00e1s justa, inclusiva y con mayor calidad democr\u00e1tica.<\/strong><\/p>\n<p>Organizamos y acogemos las actividades propias de un centro de investigaci\u00f3n (jornadas, seminarios, estancias de investigaci\u00f3n) con el prop\u00f3sito de mantenernos abiertos a todo tipo de relaciones y producciones conjuntas con todos y todas las que compartan nuestra voluntad de acci\u00f3n y transformaci\u00f3n social. Por eso desarrollamos metodolog\u00edas espec\u00edficas orientadas a la formaci\u00f3n a partir de la pr\u00e1ctica, la investigaci\u00f3n \u2013 acci\u00f3n, la facilitaci\u00f3n de intercambios, transparencia y \u201cc\u00f3digo abierto\u201d, metodolog\u00edas y estrategias para el empoderamiento, etc.<\/p>\n<p>La Escuela del IGOP tendr\u00e1 sentido en tanto que seamos capaces de generar oportunidades y v\u00ednculos de trabajo con otras instituciones y organizaciones de dentro y fuera del mundo universitario, con personas a t\u00edtulo individual y con nuestro entorno m\u00e1s cercano.<\/p>\n<p>&nbsp;<\/p>\n<p><strong>Centro de referencia en formaci\u00f3n comunitaria<\/strong><\/p>\n<p>A trav\u00e9s de la investigaci\u00f3n y la organizaci\u00f3n de diversos seminarios, charlas y cursos de formaci\u00f3n, la Escuela del IGOP se ha convertido en un centro de referencia en la formaci\u00f3n para la acci\u00f3n comunitaria. La Escuela coordina <strong>el <\/strong><a href=\"https:\/\/www.uab.cat\/web\/estudiar\/l-oferta-de-masters-oficials\/informacio-general\/politiques-socials-i-accio-comunitaria-1096480139517.html?param1=1345687201497\"><strong>M\u00e1ster Oficial Interuniversitario en Pol\u00edticas sociales y acci\u00f3n comunitaria<\/strong><\/a>, fruto del trabajo relacional y los v\u00ednculos que mantenemos en el territorio con administraciones, servicios p\u00fablicos y organizaciones de la sociedad civil. Tanto la formaci\u00f3n como el an\u00e1lisis de casos son altamente valorados, tanto por el alumnado, como por las universidades socias del proyecto (UAB, UdG, UdL, UVic).<\/p>\n<p>El IGOP y el Instituto de Ciencia y Tecnolog\u00eda Ambientales (ICTA-UAB) han creado el <a href=\"https:\/\/www.uab.cat\/web\/postgrau\/diplomatura-de-postgrau-en-dinamitzacio-local-agroecologica\/professorat-1203328493821.html\/param1-3258_ca\/\">Posgrado en Dinamizaci\u00f3n Local Agroecol\u00f3gica<\/a> a partir de encuentros e intercambios con actores como la Soberan\u00eda Alimentaria de Catalunya y Ecologistas en Acci\u00f3n.<\/p>\n<p>Tambi\u00e9n ofrecemos formaciones abiertas y totalmente gratuitas como la<a href=\"https:\/\/escoladeligop.com\/es\/iap\/\"><u> Investigaci\u00f3n Acci\u00f3n Participativa en las Escuelas<\/u><\/a>, que realizamos en colaboraci\u00f3n con varios centros de educaci\u00f3n primaria y secundaria del Distrito de Nou Barris, o <a href=\"https:\/\/escoladeligop.com\/es\/escuela-de-verano\/\"><u>la Escuela de verano del IGOP<\/u><\/a> un espacio de intercambio de conocimientos y experiencias entre actores de dentro y fuera de la Universidad. <a href=\"https:\/\/escoladeligop.com\/es\/formacion\/\"><u>Aqu\u00ed puedes consultar toda la formaci\u00f3n que ofrece la Escuela del IGOP<\/u><\/a>. <\/p>\n<p><strong> <\/strong><\/p>\n<p><strong>EQUIPO<\/strong><\/p>\n<p><strong>Coordinaci\u00f3n de la Escuela del IGOP:<\/strong><br \/>Ernesto Morales (<a href=\"mailto:ernesto.morales@uab.cat\">ernesto.morales@uab.cat<\/a>)<\/p>\n<p>&nbsp;<\/p>\n<p><strong>Coordinaci\u00f3n del M\u00e1ster Oficial en Pol\u00edticas Sociales y Acci\u00f3n Comunitaria<\/strong><\/p>\n<p>Carolina Mu\u00f1oz Mendoza (<a href=\"mailto:carolina.munoz@uab.cat\">carolina.munoz@uab.cat<\/a>)<\/p>\n<p>&nbsp;<\/p>\n<p><strong>T\u00e9cnica de Investigaci\u00f3n<br \/><\/strong>N\u00faria Reguero (<a href=\"mailto:nuria.reguero@uab.cat\">nuria.reguero@uab.cat<\/a>)<\/p>\n<p>&nbsp;<\/p>\n<p><strong>Administraci\u00f3n<br \/><\/strong>Olga Garcia (<a href=\"mailto:Olga.Garcia@uab.cat\">Olga.Garcia@uab.cat<\/a>)<\/p>\n<p>&nbsp;<\/p>\n<p><strong>Imagen y Comunicaci\u00f3n<br \/><\/strong>Jaume Badosa (<a href=\"mailto:jaume.badosa@uab.cat\">jaume.badosa@uab.cat<\/a>)<\/p>\n<p>&nbsp;<\/p>\n<p><strong>Junto con el apoyo de todo el <\/strong><a href=\"https:\/\/igop.uab.cat\/igop\/\"><strong>equipo del IGOP-UAB.<\/strong><\/a><\/p>\n<p>[\/et_pb_text][\/et_pb_column][\/et_pb_row][\/et_pb_section]<\/p>\n","protected":false},"excerpt":{"rendered":"<p>ESCUELA DE POL\u00cdTICAS SOCIALES Y URBANAS IGOP-UAB La Escuela del IGOP es un espacio universitario dedicado a la transferencia social y la construcci\u00f3n compartida de conocimientos \u00fatiles para la construcci\u00f3n de una sociedad m\u00e1s justa, inclusiva y con mayor calidad democr\u00e1tica. Organizamos y acogemos las actividades propias de un centro de investigaci\u00f3n (jornadas, seminarios, estancias [&hellip;]<\/p>\n","protected":false},"author":1,"featured_media":0,"parent":0,"menu_order":0,"comment_status":"closed","ping_status":"closed","template":"","meta":{"_et_pb_use_builder":"on","_et_pb_old_content":"","_et_gb_content_width":"","footnotes":""},"class_list":["post-1306414","page","type-page","status-publish","hentry"],"_links":{"self":[{"href":"https:\/\/escoladeligop.com\/es\/wp-json\/wp\/v2\/pages\/1306414","targetHints":{"allow":["GET"]}}],"collection":[{"href":"https:\/\/escoladeligop.com\/es\/wp-json\/wp\/v2\/pages"}],"about":[{"href":"https:\/\/escoladeligop.com\/es\/wp-json\/wp\/v2\/types\/page"}],"author":[{"embeddable":true,"href":"https:\/\/escoladeligop.com\/es\/wp-json\/wp\/v2\/users\/1"}],"replies":[{"embeddable":true,"href":"https:\/\/escoladeligop.com\/es\/wp-json\/wp\/v2\/comments?post=1306414"}],"version-history":[{"count":0,"href":"https:\/\/escoladeligop.com\/es\/wp-json\/wp\/v2\/pages\/1306414\/revisions"}],"wp:attachment":[{"href":"https:\/\/escoladeligop.com\/es\/wp-json\/wp\/v2\/media?parent=1306414"}],"curies":[{"name":"wp","href":"https:\/\/api.w.org\/{rel}","templated":true}]}}