{"id":1306427,"date":"2022-09-29T12:40:45","date_gmt":"2022-09-29T10:40:45","guid":{"rendered":"http:\/\/escoladeligop.com\/formacion\/"},"modified":"2023-01-11T11:12:21","modified_gmt":"2023-01-11T10:12:21","slug":"formacion","status":"publish","type":"page","link":"https:\/\/escoladeligop.com\/es\/formacion\/","title":{"rendered":"Formaci\u00f3n y proyectos"},"content":{"rendered":"<p>[et_pb_section fb_built=\u00bb1&#8243; admin_label=\u00bbsection\u00bb _builder_version=\u00bb4.16&#8243; custom_padding=\u00bb8px|||||\u00bb global_colors_info=\u00bb{}\u00bb][et_pb_row admin_label=\u00bbrow\u00bb _builder_version=\u00bb4.16&#8243; background_size=\u00bbinitial\u00bb background_position=\u00bbtop_left\u00bb background_repeat=\u00bbrepeat\u00bb global_colors_info=\u00bb{}\u00bb][et_pb_column type=\u00bb4_4&#8243; _builder_version=\u00bb4.16&#8243; custom_padding=\u00bb|||\u00bb global_colors_info=\u00bb{}\u00bb custom_padding__hover=\u00bb|||\u00bb][et_pb_text admin_label=\u00bbText\u00bb _builder_version=\u00bb4.9.7&#8243; text_font_size=\u00bb20px\u00bb background_size=\u00bbinitial\u00bb background_position=\u00bbtop_left\u00bb background_repeat=\u00bbrepeat\u00bb text_orientation=\u00bbcenter\u00bb custom_padding=\u00bb|30px|0px|30px|false|true\u00bb global_colors_info=\u00bb{}\u00bb]<\/p>\n<p style=\"text-align: center;\"><span style=\"color: #3366ff;\">Formaci\u00f3n universitaria<\/span><\/p>\n<p>[\/et_pb_text][\/et_pb_column][\/et_pb_row][et_pb_row column_structure=\u00bb1_2,1_2&#8243; admin_label=\u00bbrow\u00bb _builder_version=\u00bb4.16&#8243; background_size=\u00bbinitial\u00bb background_position=\u00bbtop_left\u00bb background_repeat=\u00bbrepeat\u00bb global_colors_info=\u00bb{}\u00bb][et_pb_column type=\u00bb1_2&#8243; _builder_version=\u00bb4.16&#8243; custom_padding=\u00bb|||\u00bb global_colors_info=\u00bb{}\u00bb custom_padding__hover=\u00bb|||\u00bb][et_pb_image src=\u00bbhttp:\/\/escoladeligop.com\/wp-content\/uploads\/2022\/11\/DEST-Master-PSiAC-1.jpg\u00bb title_text=\u00bbDEST-Master-PSyAC\u00bb force_fullwidth=\u00bbon\u00bb _builder_version=\u00bb4.9.7&#8243; _module_preset=\u00bbdefault\u00bb][\/et_pb_image][et_pb_text admin_label=\u00bbText\u00bb _builder_version=\u00bb4.9.7&#8243; link_text_color=\u00bb#12876F\u00bb background_size=\u00bbinitial\u00bb background_position=\u00bbtop_left\u00bb background_repeat=\u00bbrepeat\u00bb global_colors_info=\u00bb{}\u00bb]<\/p>\n<h5><span style=\"color: #ff0000;\"><strong>01.<\/strong><\/span>M\u00e1ster oficial en pol\u00edticas sociales y acci\u00f3n comunitaria [<a title=\"M\u00e1ster\" href=\"http:\/\/escoladeligop.com\/es\/presentacion\/master-en-politicas-sociales-y-accion-comunitaria\/\">+<\/a>]<\/h5>\n<p>El M\u00e1ster Oficial en Pol\u00edticas Sociales y Acci\u00f3n Comunitaria ofrece un plan de estudios con orientaci\u00f3n profesionalizadora y de investigaci\u00f3n. La formaci\u00f3n combina la adquisici\u00f3n de conocimientos te\u00f3ricos y pr\u00e1cticos, con profesorado acad\u00e9mico y profesional, y utilizando el trabajo de casos y el di\u00e1logo con experiencias del territorio para realizar una aproximaci\u00f3n compleja y participativa a la realidad de las pol\u00edticas sociales y la acci\u00f3n comunitaria .<\/p>\n<p>[\/et_pb_text][\/et_pb_column][et_pb_column type=\u00bb1_2&#8243; _builder_version=\u00bb4.16&#8243; custom_padding=\u00bb|||\u00bb global_colors_info=\u00bb{}\u00bb custom_padding__hover=\u00bb|||\u00bb][et_pb_image src=\u00bbhttp:\/\/escoladeligop.com\/wp-content\/uploads\/2022\/11\/DEST-Postgrau-DLAe-1.jpg\u00bb title_text=\u00bbDEST-Posgrado-DLAe\u00bb _builder_version=\u00bb4.9.7&#8243; _module_preset=\u00bbdefault\u00bb][\/et_pb_image][et_pb_text admin_label=\u00bbText\u00bb _builder_version=\u00bb4.9.7&#8243; link_text_color=\u00bb#5B8500&#8243; background_size=\u00bbinitial\u00bb background_position=\u00bbtop_left\u00bb background_repeat=\u00bbrepeat\u00bb global_colors_info=\u00bb{}\u00bb]<\/p>\n<h5><span style=\"color: #ff0000;\"><strong>02.<\/strong><\/span>Posgrado Dinamizaci\u00f3n Local Agroecol\u00f3gica [<a title=\"Posgrado DLAe\" href=\"http:\/\/dlae.cat\/\" target=\"_blank\" rel=\"noopener\">+<\/a>]<\/h5>\n<p>Propuesta pr\u00e1ctica de \u00e1mbito local para construir un sistema agroalimentario sostenible mediante la promoci\u00f3n de la soberan\u00eda alimentaria, la cohesi\u00f3n territorial y social, la reproducci\u00f3n social de las comunidades locales y la conservaci\u00f3n de los ecosistemas.<\/p>\n<p>[\/et_pb_text][\/et_pb_column][\/et_pb_row][et_pb_row column_structure=\u00bb1_2,1_2&#8243; admin_label=\u00bbrow\u00bb _builder_version=\u00bb4.16&#8243; background_size=\u00bbinitial\u00bb background_position=\u00bbtop_left\u00bb background_repeat=\u00bbrepeat\u00bb global_colors_info=\u00bb{}\u00bb][et_pb_column type=\u00bb1_2&#8243; _builder_version=\u00bb4.16&#8243; custom_padding=\u00bb|||\u00bb global_colors_info=\u00bb{}\u00bb custom_padding__hover=\u00bb|||\u00bb][et_pb_image src=\u00bbhttp:\/\/escoladeligop.com\/wp-content\/uploads\/2022\/11\/DEST-ECIU-university-1.jpg\u00bb title_text=\u00bbDEST-ECIU-university\u00bb _builder_version=\u00bb4.9.7&#8243; _module_preset=\u00bbdefault\u00bb][\/et_pb_image][et_pb_text admin_label=\u00bbText\u00bb _builder_version=\u00bb4.9.7&#8243; link_text_color=\u00bb#5A0C1C\u00bb background_size=\u00bbinitial\u00bb background_position=\u00bbtop_left\u00bb background_repeat=\u00bbrepeat\u00bb global_colors_info=\u00bb{}\u00bb]<\/p>\n<h5><span style=\"color: #ff0000;\"><strong>03.<\/strong><\/span>ECIU [<a title=\"M\u00e1ster Gesti\u00f3n P\u00fablica\" href=\"https:\/\/www.uab.cat\/web\/que-es-l-eciu-university-1345821318057.html\" target=\"_blank\" rel=\"noopener\">+<\/a>]<\/h5>\n<p>La Escuela del IGOP es colaboradora del Consorcio Europeo de Universidades Innovadoras, la ECIU University. El objetivo del consorcio es crear un modelo de instituci\u00f3n de ense\u00f1anza superior a nivel europeo, que funcione como un sistema abierto y flexible.<\/p>\n<p>[\/et_pb_text][\/et_pb_column][et_pb_column type=\u00bb1_2&#8243; _builder_version=\u00bb4.16&#8243; custom_padding=\u00bb|||\u00bb global_colors_info=\u00bb{}\u00bb custom_padding__hover=\u00bb|||\u00bb][\/et_pb_column][\/et_pb_row][et_pb_row admin_label=\u00bbrow\u00bb _builder_version=\u00bb4.16&#8243; background_size=\u00bbinitial\u00bb background_position=\u00bbtop_left\u00bb background_repeat=\u00bbrepeat\u00bb global_colors_info=\u00bb{}\u00bb][et_pb_column type=\u00bb4_4&#8243; _builder_version=\u00bb4.16&#8243; custom_padding=\u00bb|||\u00bb global_colors_info=\u00bb{}\u00bb custom_padding__hover=\u00bb|||\u00bb][et_pb_text admin_label=\u00bbText\u00bb _builder_version=\u00bb4.9.7&#8243; text_font_size=\u00bb20px\u00bb background_size=\u00bbinitial\u00bb background_position=\u00bbtop_left\u00bb background_repeat=\u00bbrepeat\u00bb text_orientation=\u00bbcenter\u00bb custom_padding=\u00bb|30px|0px|30px|false|true\u00bb global_colors_info=\u00bb{}\u00bb]<\/p>\n<p style=\"text-align: center;\"><span style=\"color: #3366ff;\">Formaci\u00f3n no universitaria<\/span><\/p>\n<p>[\/et_pb_text][\/et_pb_column][\/et_pb_row][et_pb_row column_structure=\u00bb1_2,1_2&#8243; admin_label=\u00bbrow\u00bb _builder_version=\u00bb4.16&#8243; background_size=\u00bbinitial\u00bb background_position=\u00bbtop_left\u00bb background_repeat=\u00bbrepeat\u00bb global_colors_info=\u00bb{}\u00bb][et_pb_column type=\u00bb1_2&#8243; _builder_version=\u00bb4.16&#8243; custom_padding=\u00bb|||\u00bb global_colors_info=\u00bb{}\u00bb custom_padding__hover=\u00bb|||\u00bb][et_pb_image src=\u00bbhttp:\/\/escoladeligop.com\/wp-content\/uploads\/2022\/11\/DEST-IAP-escoles.jpg\u00bb title_text=\u00bbDEST-IAP-escuelas\u00bb _builder_version=\u00bb4.9.7&#8243; _module_preset=\u00bbdefault\u00bb][\/et_pb_image][et_pb_text admin_label=\u00bbText\u00bb _builder_version=\u00bb4.9.7&#8243; link_text_color=\u00bb#5A0C1C\u00bb background_size=\u00bbinitial\u00bb background_position=\u00bbtop_left\u00bb background_repeat=\u00bbrepeat\u00bb hover_enabled=\u00bb0&#8243; global_colors_info=\u00bb{}\u00bb sticky_enabled=\u00bb0&#8243;]<\/p>\n<h5><span style=\"color: #ff0000;\"><strong>01.<\/strong><\/span>IAP en las escuelas [<a href=\"http:\/\/escoladeligop.com\/es\/iap\/\">+<\/a>]<\/h5>\n<p>El proyecto Investigaci\u00f3n Acci\u00f3n Participativa en las escuelas acompa\u00f1a a los centros educativos en el v\u00ednculo con sus territorios y comunidades cercanas, con la voluntad de generar reflexi\u00f3n y conciencia cr\u00edtica entre los y las estudiantes de primaria y secundaria. Recorremos todas las fases de una investigaci\u00f3n con la intenci\u00f3n de realizar una acci\u00f3n para incidir en el fen\u00f3meno estudiado.<\/p>\n<p>[\/et_pb_text][\/et_pb_column][et_pb_column type=\u00bb1_2&#8243; _builder_version=\u00bb4.16&#8243; custom_padding=\u00bb|||\u00bb global_colors_info=\u00bb{}\u00bb custom_padding__hover=\u00bb|||\u00bb][et_pb_image src=\u00bbhttp:\/\/escoladeligop.com\/wp-content\/uploads\/2022\/11\/DEST-Escola-Estiu.jpg\u00bb title_text=\u00bbDEST-Escuela-Verano\u00bb _builder_version=\u00bb4.9.7&#8243; _module_preset=\u00bbdefault\u00bb][\/et_pb_image][et_pb_text admin_label=\u00bbText\u00bb _builder_version=\u00bb4.9.7&#8243; link_text_color=\u00bb#007FE0&#8243; background_size=\u00bbinitial\u00bb background_position=\u00bbtop_left\u00bb background_repeat=\u00bbrepeat\u00bb global_colors_info=\u00bb{}\u00bb]<\/p>\n<h5><span style=\"color: #ff0000;\"><strong>02.<\/strong><\/span>Escuela de Verano del IGOP [<a title=\"Doctorado PPIR\" href=\"http:\/\/escoladeligop.com\/es\/escuela-de-verano\/\" rel=\"noopener\">+<\/a>]<\/h5>\n<p>Un espacio para convivir, aprender y reflexionar sobre cuestiones sociales de actualidad. Nos gusta la idea de una escuela de verano itinerante, que se mueve por el territorio buscando experiencias y personas de las que siempre se puede aprender mucho.<\/p>\n<p>[\/et_pb_text][\/et_pb_column][\/et_pb_row][et_pb_row column_structure=\u00bb1_2,1_2&#8243; admin_label=\u00bbrow\u00bb _builder_version=\u00bb4.16&#8243; background_size=\u00bbinitial\u00bb background_position=\u00bbtop_left\u00bb background_repeat=\u00bbrepeat\u00bb global_colors_info=\u00bb{}\u00bb][et_pb_column type=\u00bb1_2&#8243; _builder_version=\u00bb4.16&#8243; custom_padding=\u00bb|||\u00bb global_colors_info=\u00bb{}\u00bb custom_padding__hover=\u00bb|||\u00bb][et_pb_image src=\u00bbhttp:\/\/escoladeligop.com\/wp-content\/uploads\/2022\/11\/DEST-Nous-lideratges.jpg\u00bb title_text=\u00bbDEST-Nuevos-liderazgos\u00bb _builder_version=\u00bb4.9.7&#8243; _module_preset=\u00bbdefault\u00bb][\/et_pb_image][et_pb_text admin_label=\u00bbText\u00bb _builder_version=\u00bb4.9.7&#8243; link_text_color=\u00bb#007FE0&#8243; background_size=\u00bbinitial\u00bb background_position=\u00bbtop_left\u00bb background_repeat=\u00bbrepeat\u00bb global_colors_info=\u00bb{}\u00bb]<\/p>\n<h5><span style=\"color: #ff0000;\"><strong>03.<\/strong><\/span>Nuevos liderazgos en los barrios<\/h5>\n<p>Un programa de formaci\u00f3n vivencial y empoderadora dirigido a j\u00f3venes de las diecis\u00e9is barriadas del Pla de Barris para que puedan contribuir a construir tejido social ya promover propuestas colectivas en los barrios y en la ciudad.<\/p>\n<p>[\/et_pb_text][\/et_pb_column][et_pb_column type=\u00bb1_2&#8243; _builder_version=\u00bb4.16&#8243; custom_padding=\u00bb|||\u00bb global_colors_info=\u00bb{}\u00bb custom_padding__hover=\u00bb|||\u00bb][et_pb_image src=\u00bbhttp:\/\/escoladeligop.com\/wp-content\/uploads\/2022\/11\/DEST-Comunalitats-urbanes.jpg\u00bb title_text=\u00bbDEST-Comunalidades-urbanas\u00bb _builder_version=\u00bb4.9.7&#8243; _module_preset=\u00bbdefault\u00bb][\/et_pb_image][et_pb_text admin_label=\u00bbText\u00bb _builder_version=\u00bb4.9.7&#8243; link_text_color=\u00bb#007FE0&#8243; background_size=\u00bbinitial\u00bb background_position=\u00bbtop_left\u00bb background_repeat=\u00bbrepeat\u00bb global_colors_info=\u00bb{}\u00bb]<\/p>\n<h5><span style=\"color: #ff0000;\"><strong>04.<\/strong><\/span>Comunalidad urbana Nou Barris [ <a href=\"https:\/\/xarxanet.org\/comunitari\/noticies\/que-son-les-comunalitats-urbanes\" target=\"_blank\" rel=\"noopener\">+<\/a> ]<\/h5>\n<p>Una agrupaci\u00f3n de organizaciones y comercios del territorio de Nou Barris impulsan las econom\u00edas comunitarias y las redes de apoyo mutuo. Se trabaja por definir una estrategia relacional que posibilite la generaci\u00f3n de demanda suficiente para hacer sostenibles las iniciativas de generaci\u00f3n de empleo y creaci\u00f3n de actividad econ\u00f3mica.<\/p>\n<p>[\/et_pb_text][\/et_pb_column][\/et_pb_row][et_pb_row column_structure=\u00bb1_2,1_2&#8243; admin_label=\u00bbrow\u00bb _builder_version=\u00bb4.16&#8243; background_size=\u00bbinitial\u00bb background_position=\u00bbtop_left\u00bb background_repeat=\u00bbrepeat\u00bb global_colors_info=\u00bb{}\u00bb][et_pb_column type=\u00bb1_2&#8243; _builder_version=\u00bb4.16&#8243; custom_padding=\u00bb|||\u00bb global_colors_info=\u00bb{}\u00bb custom_padding__hover=\u00bb|||\u00bb][et_pb_image src=\u00bbhttp:\/\/escoladeligop.com\/wp-content\/uploads\/2022\/11\/DEST-Impuls-de-barri.jpg\u00bb title_text=\u00bbDEST-Impulso-de-barrio\u00bb _builder_version=\u00bb4.9.7&#8243; _module_preset=\u00bbdefault\u00bb][\/et_pb_image][et_pb_text admin_label=\u00bbText\u00bb _builder_version=\u00bb4.9.7&#8243; link_text_color=\u00bb#007FE0&#8243; background_size=\u00bbinitial\u00bb background_position=\u00bbtop_left\u00bb background_repeat=\u00bbrepeat\u00bb global_colors_info=\u00bb{}\u00bb]<\/p>\n<h5><span style=\"color: #ff0000;\"><strong>05.<\/strong><\/span>El impulso de barrio <\/h5>\n<p>Es un proyecto para generar conciencia social y vinculaci\u00f3n comunitaria. Lo hace mediante un proceso de creaci\u00f3n musical desde el rap que requiere investigaci\u00f3n social, reflexi\u00f3n y generaci\u00f3n de enlaces entre la juventud participante y el vecindario del barrio.<\/p>\n<p>Mediante una acci\u00f3n art\u00edstica y performativa en el espacio p\u00fablico, se capta la atenci\u00f3n de la juventud y se genera un primer v\u00ednculo. A partir de aqu\u00ed, se hace una presentaci\u00f3n p\u00fablica en el barrio y se establece una rutina de trabajo semanal que combina sesiones grupales, entrevistas con actores de la comunidad, la grabaci\u00f3n de sonidos para generar bases, la producci\u00f3n musical y, finalmente, la puesta en escena. Asimismo, de forma progresiva, el proyecto pasa a formar parte del tejido comunitario local y de sus espacios de trabajo, para contribuir a la dinamizaci\u00f3n cultural del territorio, con el fin de que la propia juventud participante acabe asumiendo la labor de forma progresiva.<\/p>\n<p>[\/et_pb_text][\/et_pb_column][et_pb_column type=\u00bb1_2&#8243; _builder_version=\u00bb4.16&#8243; custom_padding=\u00bb|||\u00bb global_colors_info=\u00bb{}\u00bb custom_padding__hover=\u00bb|||\u00bb][et_pb_image src=\u00bbhttp:\/\/escoladeligop.com\/wp-content\/uploads\/2022\/11\/DEST-Coursera.jpg\u00bb title_text=\u00bbDEST-Coursera\u00bb _builder_version=\u00bb4.9.7&#8243; _module_preset=\u00bbdefault\u00bb][\/et_pb_image][et_pb_text admin_label=\u00bbText\u00bb _builder_version=\u00bb4.9.7&#8243; link_text_color=\u00bb#007FE0&#8243; background_size=\u00bbinitial\u00bb background_position=\u00bbtop_left\u00bb background_repeat=\u00bbrepeat\u00bb global_colors_info=\u00bb{}\u00bb]<\/p>\n<h5><span style=\"color: #ff0000;\"><strong>06.<\/strong><\/span>MOOC Coursera en acci\u00f3n comunitaria [<a title=\"Doctorado PPIR\" href=\"http:\/\/escoladeligop.com\/es\/coursera-igop\/\" rel=\"noopener\">+<\/a>]<\/h5>\n<p>El curso \u00abAcci\u00f3n Comunitaria. Enfoques para la transformaci\u00f3n social\u00bb ofrece un panorama global y un conjunto de herramientas para analizar pol\u00edticas y actuar de forma cr\u00edtica en la dinamizaci\u00f3n comunitaria. Ponemos el foco en las desigualdades sociales, la \u00e9tica, los principios en las pol\u00edticas p\u00fablicas sociales, as\u00ed como t\u00e9cnicas de dinamizaci\u00f3n y participaci\u00f3n. Si te interesa el M\u00e1ster en Pol\u00edticas Sociales y Acci\u00f3n Comunitaria, este MOOC le proporcionar\u00e1 herramientas a modo introductorio.<\/p>\n<p>[\/et_pb_text][\/et_pb_column][\/et_pb_row][et_pb_row column_structure=\u00bb1_2,1_2&#8243; _builder_version=\u00bb4.9.7&#8243; _module_preset=\u00bbdefault\u00bb][et_pb_column type=\u00bb1_2&#8243; _builder_version=\u00bb4.9.7&#8243; _module_preset=\u00bbdefault\u00bb][\/et_pb_column][et_pb_column type=\u00bb1_2&#8243; _builder_version=\u00bb4.9.7&#8243; _module_preset=\u00bbdefault\u00bb][\/et_pb_column][\/et_pb_row][et_pb_row admin_label=\u00bbrow\u00bb _builder_version=\u00bb4.16&#8243; background_size=\u00bbinitial\u00bb background_position=\u00bbtop_left\u00bb background_repeat=\u00bbrepeat\u00bb global_colors_info=\u00bb{}\u00bb][et_pb_column type=\u00bb4_4&#8243; _builder_version=\u00bb4.16&#8243; custom_padding=\u00bb|||\u00bb global_colors_info=\u00bb{}\u00bb custom_padding__hover=\u00bb|||\u00bb][et_pb_text admin_label=\u00bbText\u00bb _builder_version=\u00bb4.9.7&#8243; link_text_color=\u00bb#0C71C3&#8243; background_size=\u00bbinitial\u00bb background_position=\u00bbtop_left\u00bb background_repeat=\u00bbrepeat\u00bb global_colors_info=\u00bb{}\u00bb]<\/p>\n<h4>Campus UAB &#8211; Escuela del IGOP [<a title=\"Escuela del IGOP\" href=\"https:\/\/igop.uab.cat\/\" target=\"_blank\" rel=\"noopener\">+<\/a>]<\/h4>\n<p>Este conjunto de actividades se complementan con las funciones de investigaci\u00f3n propias de nuestro instituto y que se desarrollan en el Campus de la Universidad Aut\u00f3noma de Barcelona en Bellaterra. Puedes encontrar toda esta informaci\u00f3n en nuestra web institucional: <a href=\"https:\/\/igop.uab.cat\/\" target=\"_blank\" rel=\"noopener\">https:\/\/igop.uab.cat\/<\/a><\/p>\n<p>[\/et_pb_text][\/et_pb_column][\/et_pb_row][\/et_pb_section]<\/p>\n","protected":false},"excerpt":{"rendered":"<p>Formaci\u00f3n universitaria01.M\u00e1ster oficial en pol\u00edticas sociales y acci\u00f3n comunitaria [+] El M\u00e1ster Oficial en Pol\u00edticas Sociales y Acci\u00f3n Comunitaria ofrece un plan de estudios con orientaci\u00f3n profesionalizadora y de investigaci\u00f3n. La formaci\u00f3n combina la adquisici\u00f3n de conocimientos te\u00f3ricos y pr\u00e1cticos, con profesorado acad\u00e9mico y profesional, y utilizando el trabajo de casos y el di\u00e1logo con [&hellip;]<\/p>\n","protected":false},"author":1,"featured_media":0,"parent":0,"menu_order":0,"comment_status":"closed","ping_status":"closed","template":"","meta":{"_et_pb_use_builder":"on","_et_pb_old_content":"","_et_gb_content_width":"","footnotes":""},"class_list":["post-1306427","page","type-page","status-publish","hentry"],"_links":{"self":[{"href":"https:\/\/escoladeligop.com\/es\/wp-json\/wp\/v2\/pages\/1306427","targetHints":{"allow":["GET"]}}],"collection":[{"href":"https:\/\/escoladeligop.com\/es\/wp-json\/wp\/v2\/pages"}],"about":[{"href":"https:\/\/escoladeligop.com\/es\/wp-json\/wp\/v2\/types\/page"}],"author":[{"embeddable":true,"href":"https:\/\/escoladeligop.com\/es\/wp-json\/wp\/v2\/users\/1"}],"replies":[{"embeddable":true,"href":"https:\/\/escoladeligop.com\/es\/wp-json\/wp\/v2\/comments?post=1306427"}],"version-history":[{"count":0,"href":"https:\/\/escoladeligop.com\/es\/wp-json\/wp\/v2\/pages\/1306427\/revisions"}],"wp:attachment":[{"href":"https:\/\/escoladeligop.com\/es\/wp-json\/wp\/v2\/media?parent=1306427"}],"curies":[{"name":"wp","href":"https:\/\/api.w.org\/{rel}","templated":true}]}}