{"id":1306591,"date":"2018-01-11T11:52:37","date_gmt":"2018-01-11T10:52:37","guid":{"rendered":"http:\/\/escoladeligop.com\/preguntas-frecuentes\/"},"modified":"2018-01-11T11:52:37","modified_gmt":"2018-01-11T10:52:37","slug":"preguntas-frecuentes","status":"publish","type":"page","link":"https:\/\/escoladeligop.com\/es\/preguntas-frecuentes\/","title":{"rendered":"Preguntas Frecuentes"},"content":{"rendered":"<h4><span style=\"color: #3366ff;\">\u00bfEn qu\u00e9 idioma se imparte el programa?<\/span><\/h4>\n<p>El programa se imparte en espa\u00f1ol y catal\u00e1n.<\/p>\n<p>El catal\u00e1n y el castellano, como lenguas oficiales de Catalu\u00f1a, pueden ser utilizadas indistintamente por los ciudadanos y ciudadanas en todas las actividades p\u00fablicas y privadas. Por lo general, los ciudadanos de Catalu\u00f1a son biling\u00fces.<\/p>\n<p>Tanto el catal\u00e1n como el castellano son lenguas rom\u00e1nicas derivadas del lat\u00edn y por tanto tienen bastante similitud entre ellas. La lengua catalana es hablada por cerca de 11 millones de personas.<\/p>\n<p>El r\u00e9gimen ling\u00fc\u00edstico de las Universidades se establece en sus documentos de usos ling\u00fc\u00edsticos. El catal\u00e1n es el veh\u00edculo de expresi\u00f3n normal de las actividades administrativas y, en lo que se refiere a la docencia, mayoritariamente se imparte en catal\u00e1n pero tambi\u00e9n hay una fuerte presencia de la lengua castellana.<\/p>\n<p>Por lo que se refiere al M\u00e1ster en Pol\u00edticas y Mediaci\u00f3n Comunitaria, para facilitar la incorporaci\u00f3n del alumnado no catalanohablante, las clases se realizan en castellano al inicio. A medida que se va avanzando en el programa, el profesorado elige el idioma en el que imparte las clases.<\/p>\n<p>La lengua catalana es de f\u00e1cil comprensi\u00f3n, especialmente cuando existe la voluntad de entender la realidad de la vida cotidiana en Catalu\u00f1a.<\/p>\n<p>El aprender catal\u00e1n es un valor a\u00f1adido a la formaci\u00f3n del alumnado que se valora especialmente a la hora de incorporarse al mercado profesional.<\/p>\n<p>Encontrar\u00e1s m\u00e1s informaci\u00f3n y recursos en los siguientes enlaces:<\/p>\n<p><span style=\"color: #0000ff;\"><a href=\"http:\/\/dps.gencat.cat\/WebAcollida\/AppJava\/ca\/Seleccio_idioma.jsp.html\"><span style=\"color: #0000ff;\">http:\/\/dps.gencat.cat\/WebAcollida\/AppJava\/ca\/Seleccio_idioma.jsp.html<\/span><\/a><\/span><\/p>\n<p><span style=\"color: #0000ff;\"><a href=\"http:\/\/www.intercat.cat\/es\/index.jsp\"><span style=\"color: #0000ff;\">http:\/\/www.intercat.cat\/es\/index.jsp<\/span><\/a><\/span><\/p>\n<p><span style=\"color: #0000ff;\"><a href=\"http:\/\/studyincatalonia.gencat.cat\/ca\/inici\/index.html\"><span style=\"color: #0000ff;\">http:\/\/studyincatalonia.gencat.cat\/ca\/inici\/index.html<\/span><\/a><\/span><\/p>\n<p>&nbsp;<\/p>\n<h4><span style=\"color: #3366ff;\">\u00bfEs posible obtener un certificado de pre-admisi\u00f3n sin formalizar previamente mi solicitud? lo necesito porque quiero postular a una beca.<\/span><\/h4>\n<p>No. El certificado de admisi\u00f3n al programa s\u00f3lo se obtiene una vez formalizada oficialmente su solicitud de admisi\u00f3n (que comporta el pago de la tasa de admisi\u00f3n correspondiente) y una vez la coordinaci\u00f3n del programa haya validado su documentaci\u00f3n y formalizado su pre-admisi\u00f3n.<\/p>\n<p>Puedes consultar los requisitos y criterios de admisi\u00f3n en este<span style=\"color: #0000ff;\"><span style=\"color: #0000ff;\"><a title=\"Requisitos y Criterios de admisi\u00f3n\" href=\"http:\/\/www.uab.cat\/web\/estudiar\/l-oferta-de-masters-oficials\/admissio\/requisits-i-criteris\/politiques-socials-i-accio-comunitaria-1096480139523.html?param1=1345687201497\" target=\"_blank\">enlace<\/a><\/span><\/span><\/p>\n<h4><span style=\"color: #3366ff;\">\u00bfPuedo realizar el master si no tengo la titulaci\u00f3n requerida?<\/span><\/h4>\n<p>Disponer de la titulaci\u00f3n requerida es un requisitos indispensable para poder ser admitido en el programa. Puedes consultar los requisitos y criterios de admisi\u00f3n en \u00e9ste<span style=\"color: #0000ff;\"><a title=\"Requisitos y Criterios de admisi\u00f3n\" href=\"http:\/\/www.uab.cat\/web\/estudiar\/l-oferta-de-masters-oficials\/admissio\/requisits-i-criteris\/politiques-socials-i-accio-comunitaria-1096480139523.html?param1=1345687201497\" target=\"_blank\">enlace<\/a>. <span style=\"color: #000000;\">Sin embargo, te recomendamos que te pongas en contacto con nosotros envi\u00e1ndonos un correo (igop.bcn[@]uab.cat), ya que ofrecemos otros cursos y programas similares que quiz\u00e1s te pueden interesar. <\/span><\/span> <\/p>\n<h4><span style=\"color: #3366ff;\">\u00bfQuiero pedir una beca? \u00bfC\u00f3mo debo hacerlo?<\/span><\/h4>\n<p>En relaci\u00f3n a las becas, toma nota de que el m\u00e1ster en Pol\u00edticas Sociales y Acci\u00f3n Comunitaria no dispone de un programa de becas propio, pero la Universidad Aut\u00f3noma de Barcelona dispone de un buscador donde se pueden consultar las becas aplicables ya que al tratarse un m\u00e1ster oficial se pueden solicitar becas para el programa. Encontrar\u00e1s toda la Informaci\u00f3n sobre becas y ayudas en el <a href=\"http:\/\/escoladeligop.us12.list-manage1.com\/track\/click?u=3ce29fbd9866bbf70b4406180&amp;id=97c82a6fb4&amp;e=20e440b7bb\">portal de becas de la UAB<\/a> y en este <a href=\"http:\/\/www.uab.cat\/web\/-1282904340935.html?language=ca&amp;param3=tipusEstudi&amp;param4=ESTMO\">enlace<\/a>, todas las becas espec\u00edficas para M\u00e1sters oficiales.<\/p>\n<h4><span style=\"color: #3366ff;\">\u00bfHe pedido una beca pero a\u00fan no s\u00e9 si me la han concedido? \u00bfTengo que pagar el importe de la preinscripci\u00f3n? \u00bfY el de la Matr\u00edcula?<\/span><\/h4>\n<p>Ten presente que el hecho de que se conceda beca es independiente del proceso de admisi\u00f3n, preinscripci\u00f3n y matriculaci\u00f3n del m\u00e1ster. Las becas se conceden a t\u00edtulo individual y personal en funci\u00f3n de las caracter\u00edsticas personales del postulante y pueden concederse a posteriori del plazo de matricula, por lo que no puede condicionarse la matr\u00edcula a que se conceda o no la beca.<\/p>\n<p>Encontrar\u00e1s la informaci\u00f3n sobre los plazos de preinscripci\u00f3n y matricula, as\u00ed como otra informaci\u00f3n relacionada con los plazos de pago en el siguiente enlace: <span style=\"color: #0000ff;\"><a href=\"http:\/\/escoladeligop.com\/formes-pagament\/\" target=\"_blank\"><span style=\"color: #0000ff;\">http:\/\/escoladeligop.com\/formes-pagament\/<\/span><\/a><\/span><\/p>\n<p>En caso de ser beneficiario\/a de beca, debes enviar un correo a Carme Llenas (Carmen.Llenas@uab.cat) indicando qu\u00e9 beca has solicitado y aportando toda la documentaci\u00f3n sobre la misma.<\/p>\n<h4><span style=\"color: #3366ff;\">\u00bfPuedo cursar el programa a distancia?<\/span><\/h4>\n<p>Durante los primeros tres meses del programa (de octubre a diciembre) se cursan los m\u00f3dulos te\u00f3ricos que pueden realizarse tanto presencialmente como a distancia.<\/p>\n<p>A partir de enero se llevan a cabo la realizaci\u00f3n de los m\u00f3dulos 4, 5, 6 y 7. La metodolog\u00eda de trabajo de estos m\u00f3dulos es presencial, a partir de la visita de casos y experiencias concretas a barrios y\/o municipios de Catalu\u00f1a donde se interact\u00faa con los diferentes actores implicados en el tema y se reciben aportaciones te\u00f3ricas y pr\u00e1cticas al entorno a las tem\u00e1ticas de cada experiencia.<\/p>\n<p>Puedes ampliar esta informaci\u00f3n consultando el <a href=\"http:\/\/escoladeligop.com\/psac\/\" target=\"_blank\">plan de estudios<\/a><\/p>\n<h4><span style=\"color: #3366ff;\">Soy alumno de fuera del Estado Espa\u00f1ol, \u00bfqu\u00e9 tr\u00e1mites debo seguir para formalizar mi documentaci\u00f3n?<\/span><\/h4>\n<p>En la <span style=\"color: #0000ff;\"><a href=\"http:\/\/www.uab.cat\/doc\/guia-practica-estudiantes-internacionales\" target=\"_blank\"><span style=\"color: #0000ff;\">Gu\u00eda Pr\u00e1ctica para estudiantes internacionales<\/span><\/a><\/span> encontrar\u00e1s toda la informaci\u00f3n sobre este aspecto. http:\/\/www.uab.cat\/doc\/guia-practica-estudiantes-internacionales<\/p>\n<p>\u00bfHasta cu\u00e1ndo puedo pedir la admisi\u00f3n en el programa?<\/p>\n<p>La admisi\u00f3n se puede solicitar hasta el 8 de octubre de 2018 a trav\u00e9s del siguiente <a href=\"http:\/\/www.uab.cat\/web\/estudiar\/l-oferta-de-masters-oficials\/admissio\/sol-licitud-d-admissio-1096480673621.html?param1=1345687201497\" target=\"_blank\">aplicativo<\/a>.<\/p>\n<h4><span style=\"color: #3366ff;\">\u00bfPuedo solicitar admisi\u00f3n si ya ha finalizado el plazo de admisi\u00f3n?<\/span><\/h4>\n<p>No. Al tratarse de un master oficial este plazo no es prorrogable.<\/p>\n<p>&nbsp;<\/p>\n<p>&nbsp;<\/p>\n<p>&nbsp;<\/p>\n","protected":false},"excerpt":{"rendered":"<p>\u00bfEn qu\u00e9 idioma se imparte el programa? El programa se imparte en espa\u00f1ol y catal\u00e1n. El catal\u00e1n y el castellano, como lenguas oficiales de Catalu\u00f1a, pueden ser utilizadas indistintamente por los ciudadanos y ciudadanas en todas las actividades p\u00fablicas y privadas. Por lo general, los ciudadanos de Catalu\u00f1a son biling\u00fces. Tanto el catal\u00e1n como el [&hellip;]<\/p>\n","protected":false},"author":2,"featured_media":0,"parent":0,"menu_order":0,"comment_status":"closed","ping_status":"open","template":"","meta":{"_et_pb_use_builder":"","_et_pb_old_content":"","_et_gb_content_width":"","footnotes":""},"class_list":["post-1306591","page","type-page","status-publish","hentry"],"_links":{"self":[{"href":"https:\/\/escoladeligop.com\/es\/wp-json\/wp\/v2\/pages\/1306591","targetHints":{"allow":["GET"]}}],"collection":[{"href":"https:\/\/escoladeligop.com\/es\/wp-json\/wp\/v2\/pages"}],"about":[{"href":"https:\/\/escoladeligop.com\/es\/wp-json\/wp\/v2\/types\/page"}],"author":[{"embeddable":true,"href":"https:\/\/escoladeligop.com\/es\/wp-json\/wp\/v2\/users\/2"}],"replies":[{"embeddable":true,"href":"https:\/\/escoladeligop.com\/es\/wp-json\/wp\/v2\/comments?post=1306591"}],"version-history":[{"count":0,"href":"https:\/\/escoladeligop.com\/es\/wp-json\/wp\/v2\/pages\/1306591\/revisions"}],"wp:attachment":[{"href":"https:\/\/escoladeligop.com\/es\/wp-json\/wp\/v2\/media?parent=1306591"}],"curies":[{"name":"wp","href":"https:\/\/api.w.org\/{rel}","templated":true}]}}