{"id":1307147,"date":"2022-11-28T13:08:03","date_gmt":"2022-11-28T12:08:03","guid":{"rendered":"http:\/\/escoladeligop.com\/proteccion-de-datos\/"},"modified":"2022-11-28T13:08:03","modified_gmt":"2022-11-28T12:08:03","slug":"proteccion-de-datos","status":"publish","type":"page","link":"https:\/\/escoladeligop.com\/es\/proteccion-de-datos\/","title":{"rendered":"Protecci\u00f3n de datos"},"content":{"rendered":"<p>El IGOP, como instituto de investigaci\u00f3n de la Universidad Aut\u00f3noma de Barcelona, sigue la <a href=\"https:\/\/www.uab.cat\/web\/la-uab\/itineraris\/proteccio-de-dades\/politica-proteccio-de-dades-1345763218319.html\" target=\"_blank\" rel=\"noopener\">pol\u00edtica de protecci\u00f3n de datos de la UAB<\/a>.<\/p>\n<p>La Universidad Aut\u00f3noma de Barcelona est\u00e1 comprometida con una pol\u00edtica de protecci\u00f3n de los derechos y libertades de las personas en cuanto al tratamiento de sus datos de car\u00e1cter personal. Por eso, la informaci\u00f3n a disposici\u00f3n de la UAB de los estudiantes, personal acad\u00e9mico, personal de administraci\u00f3n y servicios, graduados, proveedores, clientes y otras personas que se relacionan con la Universidad son tratadas con las garant\u00edas y de acuerdo con las exigencias de la legislaci\u00f3n vigente.<\/p>\n","protected":false},"excerpt":{"rendered":"<p>El IGOP, como instituto de investigaci\u00f3n de la Universidad Aut\u00f3noma de Barcelona, sigue la pol\u00edtica de protecci\u00f3n de datos de la UAB. La Universidad Aut\u00f3noma de Barcelona est\u00e1 comprometida con una pol\u00edtica de protecci\u00f3n de los derechos y libertades de las personas en cuanto al tratamiento de sus datos de car\u00e1cter personal. Por eso, la [&hellip;]<\/p>\n","protected":false},"author":1,"featured_media":0,"parent":0,"menu_order":0,"comment_status":"closed","ping_status":"closed","template":"","meta":{"_et_pb_use_builder":"","_et_pb_old_content":"","_et_gb_content_width":"","footnotes":""},"class_list":["post-1307147","page","type-page","status-publish","hentry"],"_links":{"self":[{"href":"https:\/\/escoladeligop.com\/es\/wp-json\/wp\/v2\/pages\/1307147","targetHints":{"allow":["GET"]}}],"collection":[{"href":"https:\/\/escoladeligop.com\/es\/wp-json\/wp\/v2\/pages"}],"about":[{"href":"https:\/\/escoladeligop.com\/es\/wp-json\/wp\/v2\/types\/page"}],"author":[{"embeddable":true,"href":"https:\/\/escoladeligop.com\/es\/wp-json\/wp\/v2\/users\/1"}],"replies":[{"embeddable":true,"href":"https:\/\/escoladeligop.com\/es\/wp-json\/wp\/v2\/comments?post=1307147"}],"version-history":[{"count":0,"href":"https:\/\/escoladeligop.com\/es\/wp-json\/wp\/v2\/pages\/1307147\/revisions"}],"wp:attachment":[{"href":"https:\/\/escoladeligop.com\/es\/wp-json\/wp\/v2\/media?parent=1307147"}],"curies":[{"name":"wp","href":"https:\/\/api.w.org\/{rel}","templated":true}]}}