{"id":1308400,"date":"2022-11-23T11:45:05","date_gmt":"2022-11-23T10:45:05","guid":{"rendered":"http:\/\/escoladeligop.com\/coursera-igop\/"},"modified":"2023-01-11T10:47:22","modified_gmt":"2023-01-11T09:47:22","slug":"coursera-igop","status":"publish","type":"page","link":"https:\/\/escoladeligop.com\/es\/coursera-igop\/","title":{"rendered":"Coursera IGOP"},"content":{"rendered":"<p>[et_pb_section fb_built=\u00bb1&#8243; _builder_version=\u00bb4.9.7&#8243; _module_preset=\u00bbdefault\u00bb][et_pb_row column_structure=\u00bb1_3,1_3,1_3&#8243; _builder_version=\u00bb4.9.7&#8243; _module_preset=\u00bbdefault\u00bb][et_pb_column type=\u00bb1_3&#8243; _builder_version=\u00bb4.9.7&#8243; _module_preset=\u00bbdefault\u00bb][et_pb_image src=\u00bbhttp:\/\/escoladeligop.com\/wp-content\/uploads\/2022\/11\/AccioComunitaria-Escola-IGOP.jpg\u00bb title_text=\u00bbAccioComunitaria-Escola-IGOP\u00bb _builder_version=\u00bb4.9.7&#8243; _module_preset=\u00bbdefault\u00bb][\/et_pb_image][et_pb_text _builder_version=\u00bb4.9.7&#8243; _module_preset=\u00bbdefault\u00bb link_text_color=\u00bb#0C71C3&#8243;]<\/p>\n<h4 class=\"H2_1pmnvep-o_O-weightNormal_s9jwp5-o_O-fontHeadline_1uu0gyz max-text-width-xl m-b-1s\" data-reactid=\"171\"><a href=\"https:\/\/www.coursera.org\/learn\/accion-comunitaria\">ACCI\u00d3N COMUNITARIA. ENFOQUES PARA LA TRANSFORMACI\u00d3N SOCIAL<\/a><\/h4>\n<p>El curso \u201cAcci\u00f3n Comunitaria. Enfoques para la transformaci\u00f3n social\u201d ofrece un panorama global y un conjunto de herramientas para analizar pol\u00edticas y actuar de forma cr\u00edtica en la dinamizaci\u00f3n comunitaria. Ponemos el foco en las desigualdades sociales, la \u00e9tica, los principios en las pol\u00edticas p\u00fablicas sociales, as\u00ed como t\u00e9cnicas de dinamizaci\u00f3n y participaci\u00f3n. Si te interesa el M\u00e1ster en Pol\u00edticas Sociales y Acci\u00f3n Comunitaria, este MOOC le proporcionar\u00e1 herramientas a modo introductorio.<\/p>\n<p><strong>Tiempo estimado para completar el curso: 23h<\/strong><\/p>\n<p>[\/et_pb_text][\/et_pb_column][et_pb_column type=\u00bb1_3&#8243; _builder_version=\u00bb4.9.7&#8243; _module_preset=\u00bbdefault\u00bb][et_pb_image src=\u00bbhttps:\/\/igop.uab.cat\/wp-content\/uploads\/2019\/01\/Democracia.jpg\u00bb _builder_version=\u00bb4.9.7&#8243; _module_preset=\u00bbdefault\u00bb][\/et_pb_image][et_pb_text _builder_version=\u00bb4.9.7&#8243; _module_preset=\u00bbdefault\u00bb link_text_color=\u00bb#0C71C3&#8243;]<\/p>\n<h4 class=\"H2_1pmnvep-o_O-weightNormal_s9jwp5-o_O-fontHeadline_1uu0gyz max-text-width-xl m-b-1s\" data-reactid=\"171\"><a href=\"https:\/\/www.coursera.org\/learn\/democracia\">DEMOCRACIA Y DECISIONES P\u00daBLICAS. INTRODUCCI\u00d3N AL AN\u00c1LISIS DE POL\u00cdTICAS P\u00daBLICAS<\/a><\/h4>\n<p>\u00bfQu\u00e9 son las pol\u00edticas p\u00fablicas? Son la plasmaci\u00f3n m\u00e1s concreta de la pol\u00edtica. Lo que los gobiernos hacen, y dejan de hacer, para hacer frente a los problemas colectivos. Este curso trata sobre c\u00f3mo se decide qu\u00e9 problemas abordar y qu\u00e9 soluciones adoptar. Un proceso primordialmente pol\u00edtico y social que suele escapar al an\u00e1lisis puramente racional.<\/p>\n<p><strong>Puntuado con un 4.8\/5 por 1.286 usuarios<\/strong><\/p>\n<p><strong>Tiempo estimado para completar el curso: 31h<\/strong><\/p>\n<p>[\/et_pb_text][\/et_pb_column][et_pb_column type=\u00bb1_3&#8243; _builder_version=\u00bb4.9.7&#8243; _module_preset=\u00bbdefault\u00bb][et_pb_image src=\u00bbhttps:\/\/igop.uab.cat\/wp-content\/uploads\/2019\/01\/Ciudades-en-Crisis.jpg\u00bb _builder_version=\u00bb4.9.7&#8243; _module_preset=\u00bbdefault\u00bb][\/et_pb_image][et_pb_text _builder_version=\u00bb4.9.7&#8243; _module_preset=\u00bbdefault\u00bb link_text_color=\u00bb#0C71C3&#8243; hover_enabled=\u00bb0&#8243; sticky_enabled=\u00bb0&#8243;]<\/p>\n<h4 class=\"H2_1pmnvep-o_O-weightNormal_s9jwp5-o_O-fontHeadline_1uu0gyz max-text-width-xl m-b-1s\" data-reactid=\"171\"><a href=\"https:\/\/www.coursera.org\/learn\/ciudades-politicas-urbanas\">CIUDADES EN CRISIS Y NUEVAS POL\u00cdTICAS URBANAS<\/a><\/h4>\n<p>Las ciudades se han convertido en un foco de inter\u00e9s preferente para el an\u00e1lisis de pol\u00edticas p\u00fablicas. Con una concentraci\u00f3n de personas cada vez mayor viviendo en contextos urbanos, las ciudades son hoy el escenario de un apasionante cambio de \u00e9poca que afecta a la esfera social, pol\u00edtica, econ\u00f3mica y tecnol\u00f3gica \u00bfA qu\u00e9 nos referimos cuando hablamos de pol\u00edticas \u00bfurbanas y qu\u00e9 las distingue de otros \u00e1mbitos de las pol\u00edticas p\u00fablicas? \u00bfCu\u00e1les son los principales factores de vulnerabilidad urbana y qu\u00e9 respuestas se est\u00e1n articulando en forma de pol\u00edticas urbanas? \u00bfC\u00f3mo surge la innovaci\u00f3n en la ciudad, tanto desde la base como desde las administraciones p\u00fablicas? Y, por \u00faltimo, \u00bfqu\u00e9 efectos ha tenido la irrupci\u00f3n de la era digital en la ciudad?<\/p>\n<p><strong>Puntuado con un 4.7\/5 por 219 usuarios<\/strong><\/p>\n<p><strong>Tiempo estimado para completar el curso: 12h<\/strong><\/p>\n<p>[\/et_pb_text][\/et_pb_column][\/et_pb_row][\/et_pb_section]<\/p>\n","protected":false},"excerpt":{"rendered":"<p>ACCI\u00d3N COMUNITARIA. ENFOQUES PARA LA TRANSFORMACI\u00d3N SOCIAL El curso \u201cAcci\u00f3n Comunitaria. Enfoques para la transformaci\u00f3n social\u201d ofrece un panorama global y un conjunto de herramientas para analizar pol\u00edticas y actuar de forma cr\u00edtica en la dinamizaci\u00f3n comunitaria. Ponemos el foco en las desigualdades sociales, la \u00e9tica, los principios en las pol\u00edticas p\u00fablicas sociales, as\u00ed como [&hellip;]<\/p>\n","protected":false},"author":1,"featured_media":0,"parent":0,"menu_order":0,"comment_status":"closed","ping_status":"closed","template":"","meta":{"_et_pb_use_builder":"on","_et_pb_old_content":"","_et_gb_content_width":"","footnotes":""},"class_list":["post-1308400","page","type-page","status-publish","hentry"],"_links":{"self":[{"href":"https:\/\/escoladeligop.com\/es\/wp-json\/wp\/v2\/pages\/1308400","targetHints":{"allow":["GET"]}}],"collection":[{"href":"https:\/\/escoladeligop.com\/es\/wp-json\/wp\/v2\/pages"}],"about":[{"href":"https:\/\/escoladeligop.com\/es\/wp-json\/wp\/v2\/types\/page"}],"author":[{"embeddable":true,"href":"https:\/\/escoladeligop.com\/es\/wp-json\/wp\/v2\/users\/1"}],"replies":[{"embeddable":true,"href":"https:\/\/escoladeligop.com\/es\/wp-json\/wp\/v2\/comments?post=1308400"}],"version-history":[{"count":0,"href":"https:\/\/escoladeligop.com\/es\/wp-json\/wp\/v2\/pages\/1308400\/revisions"}],"wp:attachment":[{"href":"https:\/\/escoladeligop.com\/es\/wp-json\/wp\/v2\/media?parent=1308400"}],"curies":[{"name":"wp","href":"https:\/\/api.w.org\/{rel}","templated":true}]}}