{"id":1308772,"date":"2022-11-28T13:44:42","date_gmt":"2022-11-28T12:44:42","guid":{"rendered":"http:\/\/escoladeligop.com\/iap\/"},"modified":"2023-01-12T12:42:53","modified_gmt":"2023-01-12T11:42:53","slug":"iap","status":"publish","type":"page","link":"https:\/\/escoladeligop.com\/es\/iap\/","title":{"rendered":"IAP"},"content":{"rendered":"<p>[et_pb_section fb_built=\u00bb1&#8243; admin_label=\u00bbsection\u00bb _builder_version=\u00bb3.22&#8243;][et_pb_row admin_label=\u00bbrow\u00bb _builder_version=\u00bb3.25&#8243; background_size=\u00bbinitial\u00bb background_position=\u00bbtop_left\u00bb background_repeat=\u00bbrepeat\u00bb][et_pb_column type=\u00bb4_4&#8243; _builder_version=\u00bb3.25&#8243; custom_padding=\u00bb|||\u00bb custom_padding__hover=\u00bb|||\u00bb][et_pb_text _builder_version=\u00bb4.9.7&#8243; _module_preset=\u00bbdefault\u00bb hover_enabled=\u00bb0&#8243; sticky_enabled=\u00bb0&#8243;]<\/p>\n<p>PROYECTO DE INVESTIGACI\u00d3N \u2013 ACCI\u00d3N PARTICIPATIVA EN LOS ESCUELOS (IAP)<\/p>\n<p><strong>La iniciativa Investigaci\u00f3n Acci\u00f3n Participativa en las Escuelas llega a su d\u00e9cima edici\u00f3n con una investigaci\u00f3n sobre los usos del espacio p\u00fablico que llevar\u00e1n a cabo los y las estudiantes de 6\u00ba de la escuela Ciutat Comtal de Vallbona.<\/strong><\/p>\n<p><strong>El objetivo principal de este proyecto impulsado por el Igop en 2013 es acompa\u00f1ar a los centros educativos en el v\u00ednculo con sus territorios y comunidades cercanas, as\u00ed como la voluntad de generar conciencia cr\u00edtica y reflexi\u00f3n entre las y los estudiantes a partir desarrollar una investigaci\u00f3n social. Desde entonces, han participado diferentes escuelas de Barcelona, entre ellas la Maestro Morera, Entaviana, El Tur\u00f3, El Til\u00b7ler y Ciudad Condal, que ahora empieza el segundo a\u00f1o de colaboraci\u00f3n<\/strong><\/p>\n<hr>\n<p>El Proyecto de Investigaci\u00f3n &#8211; Acci\u00f3n Participativa en Escuelas nace durante el curso 2013-14, cuando un equipo del IGOP, en el marco de la Investigaci\u00f3n Barrios y Crisis, donde se investigaba entre otros cu\u00e1l hab\u00eda sido el impacto de la crisis en el barrio de Ciutat Meridiana explicar\u00e1 el estudio y sus primeras conclusiones al alumnado de 5\u00ba y 6\u00ba de la Escuela Mestre Morera del mismo barrio de Ciutat Meridiana.<\/p>\n<p>Este encuentro gener\u00f3 una complicidad entre la Escuela Mestre Morera y el IGOP, que se materializ\u00f3 en el desarrollo de una investigaci\u00f3n \u2013 acci\u00f3n participativa con el alumnado de 6\u00ba del centro.<\/p>\n<blockquote>\n<p>As\u00ed pues, el Proyecto tiene la finalidad de acompa\u00f1ar al alumnado de un centro educativo en la investigaci\u00f3n y la investigaci\u00f3n de su barrio y de situaciones que puedan interesar al alumnado y al centro.<\/p>\n<\/blockquote>\n<p>En este caso, el Proyecto en la Escuela Mestre Morera de Ciutat Meridiana es el 3r curso que se realiza.<\/p>\n<p>Durante el primer a\u00f1o (curso 2013-2014), el grupo de ni\u00f1as y ni\u00f1os investigaron cu\u00e1l hab\u00eda sido el impacto de la crisis en el barrio y en la reflexi\u00f3n sobre c\u00f3mo pod\u00eda contribuirse a trav\u00e9s de la participaci\u00f3n y de la colaboraci\u00f3n a nivel comunitario en paliar los efectos de la crisis y transformar la realidad del barrio.<\/p>\n<p>Durante el segundo a\u00f1o (curso 2014-2015) en este caso con la colaboraci\u00f3n del CCCB, la investigaci\u00f3n se centr\u00f3 en conocer las carencias y oportunidades de mejora del espacio p\u00fablico en el barrio de Ciutat Meridiana.<\/p>\n<p>En el tercer curso (2015-2016), el alumnado investiga sobre las relaciones de poder que se pueden encontrar y pueden vivir en diferentes contextos, como la Escuela, el barrio y la ciudad.<\/p>\n<p>Para realizar la investigaci\u00f3n utilizamos diferentes herramientas. Los alumnos entrevistan a agentes del barrio, realizan encuestas al resto del alumnado de la Escuela y realizan un Cuaderno de Debate Familiar (un libreto que tiene la intenci\u00f3n de llevar el debate a casa). Adem\u00e1s, tambi\u00e9n hemos utilizado herramientas de forma puntual, como la fotograf\u00eda y la Observaci\u00f3n Participante.<\/p>\n<p>Para cerrar la investigaci\u00f3n, cada curso, se hace una exposici\u00f3n p\u00fablica del trabajo realizado para las familias y el resto de compa\u00f1eras y compa\u00f1eros de la Escuela, que est\u00e1 abierta tambi\u00e9n a los agentes que han participado. Adem\u00e1s, en el curso 2014-2015, los resultados de la investigaci\u00f3n sobre el estado del Espacio P\u00fablico, fueron durante un mes en la Exposici\u00f3n Piso(o) Piloto(o) en el CCCB.<\/p>\n<p>[\/et_pb_text][\/et_pb_column][\/et_pb_row][et_pb_row admin_label=\u00bbrow\u00bb _builder_version=\u00bb3.25&#8243; background_size=\u00bbinitial\u00bb background_position=\u00bbtop_left\u00bb background_repeat=\u00bbrepeat\u00bb][et_pb_column type=\u00bb4_4&#8243; _builder_version=\u00bb3.25&#8243; custom_padding=\u00bb|||\u00bb custom_padding__hover=\u00bb|||\u00bb][et_pb_text _builder_version=\u00bb4.9.7&#8243; _module_preset=\u00bbdefault\u00bb]<\/p>\n<h4 style=\"text-align: center;\">Materiales<\/h4>\n<p>[\/et_pb_text][\/et_pb_column][\/et_pb_row][et_pb_row column_structure=\u00bb1_3,1_3,1_3&#8243; admin_label=\u00bbrow\u00bb _builder_version=\u00bb3.25&#8243; background_size=\u00bbinitial\u00bb background_position=\u00bbtop_left\u00bb background_repeat=\u00bbrepeat\u00bb][et_pb_column type=\u00bb1_3&#8243; _builder_version=\u00bb3.25&#8243; custom_padding=\u00bb|||\u00bb custom_padding__hover=\u00bb|||\u00bb][et_pb_text _builder_version=\u00bb4.9.7&#8243; _module_preset=\u00bbdefault\u00bb link_text_color=\u00bb#0C71C3&#8243;]<\/p>\n<blockquote>\n<p><a title=\"Reflexiones de Noemi Rocabert\" href=\"https:\/\/igop.uab.cat\/wp-content\/uploads\/2016\/03\/Reflexions-Noemi-Rocabert.pdf\" target=\"_blank\" rel=\"noopener\">La escuela m\u00e1s all\u00e1 de sus paredes <\/a><\/p>\n<\/blockquote>\n<p><strong>Noem\u00ed Rocabert<\/strong> (Directora del Mestre Morera)<\/p>\n<p>[\/et_pb_text][\/et_pb_column][et_pb_column type=\u00bb1_3&#8243; _builder_version=\u00bb3.25&#8243; custom_padding=\u00bb|||\u00bb custom_padding__hover=\u00bb|||\u00bb][et_pb_text _builder_version=\u00bb4.9.7&#8243; _module_preset=\u00bbdefault\u00bb]<\/p>\n<p><a title=\"Mestre Morera y Barris i Crisi\" href=\"https:\/\/barrisicrisi.wordpress.com\/2013\/12\/10\/barris-i-crisi-al-ceip-mestre-morera-ciutat-meridiana\/\" target=\"_blank\" rel=\"noopener\"><img loading=\"lazy\" decoding=\"async\" class=\"alignnone wp-image-3092 size-full\" src=\"https:\/\/igop.uab.cat\/wp-content\/uploads\/2016\/03\/Barris-Crisi-i-Mestre-Morera.jpg\" alt=\"Barris-Crisi-i-Mestre-Morera\" width=\"300\" height=\"100\"><br \/><\/a><a title=\"Mestre Morera y Barris i Crisi\" href=\"https:\/\/barrisicrisi.wordpress.com\/2013\/12\/10\/barris-i-crisi-al-ceip-mestre-morera-ciutat-meridiana\/\" target=\"_blank\" rel=\"noopener\">Mestre Morera en el proyecto Barris i Crisi<\/a><\/p>\n<p>[\/et_pb_text][\/et_pb_column][et_pb_column type=\u00bb1_3&#8243; _builder_version=\u00bb3.25&#8243; custom_padding=\u00bb|||\u00bb custom_padding__hover=\u00bb|||\u00bb][et_pb_text _builder_version=\u00bb4.9.7&#8243; _module_preset=\u00bbdefault\u00bb]<\/p>\n<p><a title=\"Mestre Morera y Barris i Crisi\" href=\"https:\/\/barrisicrisi.wordpress.com\/2013\/12\/10\/barris-i-crisi-al-ceip-mestre-morera-ciutat-meridiana\/\" target=\"_blank\" rel=\"noopener\"><img loading=\"lazy\" decoding=\"async\" class=\"alignnone wp-image-3092 size-full\" src=\"https:\/\/igop.uab.cat\/wp-content\/uploads\/2016\/03\/Barris-Crisi-i-Mestre-Morera.jpg\" alt=\"Barris-Crisi-i-Mestre-Morera\" width=\"300\" height=\"100\"><br \/><\/a><a title=\"Mestre Morera y Barris i Crisi\" href=\"https:\/\/barrisicrisi.wordpress.com\/2013\/12\/10\/barris-i-crisi-al-ceip-mestre-morera-ciutat-meridiana\/\" target=\"_blank\" rel=\"noopener\">Mestre Morera en el proyecto Barris i Crisi<\/a><\/p>\n<p>[\/et_pb_text][\/et_pb_column][\/et_pb_row][et_pb_row column_structure=\u00bb1_3,1_3,1_3&#8243; admin_label=\u00bbrow\u00bb _builder_version=\u00bb3.25&#8243; background_size=\u00bbinitial\u00bb background_position=\u00bbtop_left\u00bb background_repeat=\u00bbrepeat\u00bb][et_pb_column type=\u00bb1_3&#8243; _builder_version=\u00bb3.25&#8243; custom_padding=\u00bb|||\u00bb custom_padding__hover=\u00bb|||\u00bb][et_pb_text _builder_version=\u00bb4.9.7&#8243; _module_preset=\u00bbdefault\u00bb]<\/p>\n<p><img loading=\"lazy\" decoding=\"async\" class=\"alignnone wp-image-3098 size-full\" src=\"https:\/\/igop.uab.cat\/wp-content\/uploads\/2016\/03\/QuadernFamiliar-2013-14.jpg\" alt=\"QuadernFamiliar-2013-14\" width=\"300\" height=\"100\"><a href=\"https:\/\/igop.uab.cat\/wp-content\/uploads\/2016\/03\/QuadernFamiliar-2014-15.jpg\"><br \/><\/a><a title=\"Quaderns debat 2013-14\" href=\"https:\/\/igop.uab.cat\/wp-content\/uploads\/2016\/03\/QuadernFamiliar-Mestre-Morera-curs-2013-2014.pdf\" target=\"_blank\" rel=\"noopener\">Cuaderno de debate familiar I (2013-14)<\/a><\/p>\n<p>[\/et_pb_text][\/et_pb_column][et_pb_column type=\u00bb1_3&#8243; _builder_version=\u00bb3.25&#8243; custom_padding=\u00bb|||\u00bb custom_padding__hover=\u00bb|||\u00bb][et_pb_text _builder_version=\u00bb4.9.7&#8243; _module_preset=\u00bbdefault\u00bb]<\/p>\n<p><img loading=\"lazy\" decoding=\"async\" class=\"alignnone wp-image-3101 size-full\" src=\"https:\/\/igop.uab.cat\/wp-content\/uploads\/2016\/03\/QuadernFamiliar-2014-15.jpg\" alt=\"QuadernFamiliar-2014-15\" width=\"300\" height=\"100\"><br \/><a title=\"Quaderns debat 2014-15\" href=\"https:\/\/igop.uab.cat\/wp-content\/uploads\/2016\/03\/QuadernFamiliar-Mestre-Morera-curs-2014-2015.pdf\" target=\"_blank\" rel=\"noopener\">Cuaderno de debate familiar II (2014-15)<\/a><\/p>\n<p>[\/et_pb_text][\/et_pb_column][et_pb_column type=\u00bb1_3&#8243; _builder_version=\u00bb3.25&#8243; custom_padding=\u00bb|||\u00bb custom_padding__hover=\u00bb|||\u00bb][et_pb_text _builder_version=\u00bb4.9.7&#8243; _module_preset=\u00bbdefault\u00bb]<\/p>\n<p><a title=\"Mestre Morera al CCCB\" href=\"http:\/\/publicspace.org\/ca\/post\/els-alumnes-de-l-escola-mestre-morera-investiguen-sobre-l-espai-public\" target=\"_blank\" rel=\"noopener\"><img loading=\"lazy\" decoding=\"async\" class=\"alignnone size-full wp-image-3111\" src=\"https:\/\/igop.uab.cat\/wp-content\/uploads\/2016\/03\/Mestre-Morera-CCCB-piso-piloto.jpg\" alt=\"Mestre-Morera-CCCB-piso-piloto\" width=\"300\" height=\"100\"><br \/>Exposici\u00f3n Mestre Morera CCCB (2015)<\/a><\/p>\n<p>[\/et_pb_text][\/et_pb_column][\/et_pb_row][et_pb_row column_structure=\u00bb1_3,1_3,1_3&#8243; admin_label=\u00bbrow\u00bb _builder_version=\u00bb3.25&#8243; background_size=\u00bbinitial\u00bb background_position=\u00bbtop_left\u00bb background_repeat=\u00bbrepeat\u00bb][et_pb_column type=\u00bb1_3&#8243; _builder_version=\u00bb3.25&#8243; custom_padding=\u00bb|||\u00bb custom_padding__hover=\u00bb|||\u00bb][et_pb_text _builder_version=\u00bb4.9.7&#8243; _module_preset=\u00bbdefault\u00bb]<\/p>\n<p><a title=\"IV Escola estiu IGOP al Mestre Morera\" href=\"https:\/\/igop.uab.cat\/es\/2015\/06\/09\/municipalismo-iv-escuela-de-verano\/\" target=\"_blank\" rel=\"noopener\"><img loading=\"lazy\" decoding=\"async\" class=\"alignnone size-full wp-image-3114\" src=\"https:\/\/igop.uab.cat\/wp-content\/uploads\/2016\/03\/IV-Escola-Estiu-Mestre-Morera.jpg\" alt=\"IV-Escola-Estiu-Mestre-Morera\" width=\"300\" height=\"100\"><br \/>IV Escuela de verano IGOP en el Mestre Morera (2015)<\/a><\/p>\n<p>[\/et_pb_text][\/et_pb_column][et_pb_column type=\u00bb1_3&#8243; _builder_version=\u00bb3.25&#8243; custom_padding=\u00bb|||\u00bb custom_padding__hover=\u00bb|||\u00bb][et_pb_text _builder_version=\u00bb4.9.7&#8243; _module_preset=\u00bbdefault\u00bb]<\/p>\n<p><a title=\"Video entrevistas Mestre Morera\" href=\"https:\/\/www.youtube.com\/watch?v=_M2D4suvAKY\" target=\"_blank\" rel=\"noopener\"><img loading=\"lazy\" decoding=\"async\" class=\"alignnone size-full wp-image-3105\" src=\"https:\/\/igop.uab.cat\/wp-content\/uploads\/2016\/03\/Alumnat-Mestre-Morera-Video.jpg\" alt=\"Alumnat-Mestre-Morera-Video\" width=\"300\" height=\"100\"><br \/>V\u00eddeo Alumnado Mestre Morera<\/a><\/p>\n<p>[\/et_pb_text][\/et_pb_column][et_pb_column type=\u00bb1_3&#8243; _builder_version=\u00bb3.25&#8243; custom_padding=\u00bb|||\u00bb custom_padding__hover=\u00bb|||\u00bb][\/et_pb_column][\/et_pb_row][et_pb_row admin_label=\u00bbrow\u00bb _builder_version=\u00bb3.25&#8243; background_size=\u00bbinitial\u00bb background_position=\u00bbtop_left\u00bb background_repeat=\u00bbrepeat\u00bb][et_pb_column type=\u00bb4_4&#8243; _builder_version=\u00bb3.25&#8243; custom_padding=\u00bb|||\u00bb custom_padding__hover=\u00bb|||\u00bb][et_pb_text _builder_version=\u00bb4.9.7&#8243; _module_preset=\u00bbdefault\u00bb]<\/p>\n<h4 style=\"text-align: center;\">Not\u00edcias relacionadas<\/h4>\n<p>[\/et_pb_text][\/et_pb_column][\/et_pb_row][et_pb_row admin_label=\u00bbrow\u00bb _builder_version=\u00bb3.25&#8243; background_size=\u00bbinitial\u00bb background_position=\u00bbtop_left\u00bb background_repeat=\u00bbrepeat\u00bb][et_pb_column type=\u00bb4_4&#8243; _builder_version=\u00bb3.25&#8243; custom_padding=\u00bb|||\u00bb custom_padding__hover=\u00bb|||\u00bb][et_pb_post_slider include_categories=\u00bb287&#8243; _builder_version=\u00bb4.9.7&#8243; _module_preset=\u00bbdefault\u00bb][\/et_pb_post_slider][\/et_pb_column][\/et_pb_row][\/et_pb_section]<\/p>\n","protected":false},"excerpt":{"rendered":"<p>PROYECTO DE INVESTIGACI\u00d3N \u2013 ACCI\u00d3N PARTICIPATIVA EN LOS ESCUELOS (IAP) La iniciativa Investigaci\u00f3n Acci\u00f3n Participativa en las Escuelas llega a su d\u00e9cima edici\u00f3n con una investigaci\u00f3n sobre los usos del espacio p\u00fablico que llevar\u00e1n a cabo los y las estudiantes de 6\u00ba de la escuela Ciutat Comtal de Vallbona. El objetivo principal de este proyecto [&hellip;]<\/p>\n","protected":false},"author":1,"featured_media":0,"parent":0,"menu_order":0,"comment_status":"closed","ping_status":"closed","template":"","meta":{"_et_pb_use_builder":"on","_et_pb_old_content":"","_et_gb_content_width":"","footnotes":""},"class_list":["post-1308772","page","type-page","status-publish","hentry"],"_links":{"self":[{"href":"https:\/\/escoladeligop.com\/es\/wp-json\/wp\/v2\/pages\/1308772","targetHints":{"allow":["GET"]}}],"collection":[{"href":"https:\/\/escoladeligop.com\/es\/wp-json\/wp\/v2\/pages"}],"about":[{"href":"https:\/\/escoladeligop.com\/es\/wp-json\/wp\/v2\/types\/page"}],"author":[{"embeddable":true,"href":"https:\/\/escoladeligop.com\/es\/wp-json\/wp\/v2\/users\/1"}],"replies":[{"embeddable":true,"href":"https:\/\/escoladeligop.com\/es\/wp-json\/wp\/v2\/comments?post=1308772"}],"version-history":[{"count":0,"href":"https:\/\/escoladeligop.com\/es\/wp-json\/wp\/v2\/pages\/1308772\/revisions"}],"wp:attachment":[{"href":"https:\/\/escoladeligop.com\/es\/wp-json\/wp\/v2\/media?parent=1308772"}],"curies":[{"name":"wp","href":"https:\/\/api.w.org\/{rel}","templated":true}]}}