{"id":1461884,"date":"2022-11-28T13:04:40","date_gmt":"2022-11-28T12:04:40","guid":{"rendered":"http:\/\/escoladeligop.com\/aviso-legal\/"},"modified":"2022-11-28T13:04:40","modified_gmt":"2022-11-28T12:04:40","slug":"aviso-legal","status":"publish","type":"page","link":"https:\/\/escoladeligop.com\/es\/aviso-legal\/","title":{"rendered":"Av\u00edso legal"},"content":{"rendered":"<p><strong>Datos identificativos del sitio web<\/strong><br \/>\n\u201chttps:\/\/escoladeligop.cat\/\u201d es un dominio de Internet de titularidad del Instituto de Gobierno y Pol\u00edticas p\u00fablicas (IGOP), un instituto de investigaci\u00f3n de la Universidad Aut\u00f3noma de Barcelona (<strong>CIF Q-0818002-H<\/strong>). Edifici A. Campus Universitari UAB. Bellaterra (Cerdanyola del Vall\u00e8s) 08193 Barcelona (<a href=\"http:\/\/www.uab.cat\/\">www.uab.cat<\/a>)<\/p>\n<p><strong>Derechos de propiedad intelectual y licencias de uso abierto<\/strong><br \/>\nEste sitio web y todos sus contenidos son propiedad del IGOP de la Universidad Aut\u00f3noma de Barcelona. Toda la informaci\u00f3n que contiene, siempre que no se diga expresamente lo contrario, est\u00e1 sometida a una licencia Creative Commons Reconocimiento \u2013 No Comercial (CC BY NC SA), que permite su copia, distribuci\u00f3n y comunicaci\u00f3n p\u00fablica, sin finalidad comercial, siempre que se cite la fuente. Las marcas, fotograf\u00edas, im\u00e1genes, signos distintivos y logotipos que aparecen en este sitio web son propiedad exclusiva de la Universidad Aut\u00f3noma de Barcelona, siempre que no se indique una titularidad distinta, est\u00e1n protegidos por la legislaci\u00f3n vigente aplicable y no pueden ser reproducidos, excepto cuando aparezcan dentro de los widgets facilitados por la Universidad Aut\u00f3noma de Barcelona.<\/p>\n<p><a href=\"http:\/\/creativecommons.org\/licenses\/by-nc-sa\/3.0\/es\/\" rel=\"license\"><img decoding=\"async\" src=\"https:\/\/i.creativecommons.org\/l\/by-nc-sa\/3.0\/es\/88x31.png\" alt=\"Licencia de Creative Commons\"><\/a><\/p>\n<p><strong>Limitaci\u00f3n de responsabilidad<\/strong><br \/>\nLa informaci\u00f3n que se publica en este sitio web est\u00e1 sometida a unos mecanismos de control de calidad. A pesar de esta voluntad, la Universidad Aut\u00f3noma de Barcelona no puede garantizar que toda la informaci\u00f3n que se ofrece sea correcta ni se encuentre permanentemente actualizada. Con el objetivo de contribuir a una informaci\u00f3n estad\u00edstica de calidad, la Universidad Aut\u00f3noma de Barcelona realizar\u00e1 todos los esfuerzos necesarios para enmendar lo antes posible las deficiencias que se detecten en esta informaci\u00f3n.<\/p>\n<p>La Universidad Aut\u00f3noma de Barcelona no se responsabiliza de ning\u00fan da\u00f1o o perjuicio sufrido por el usuario que se derive del acceso a este sitio web ni se hace responsable de las informaciones que contenga cualquier otro sitio web al que se acceda mediante enlaces desde la web de la Universidad Aut\u00f3noma de Barcelona o que hayan sido incorporadas a esta web por mecanismos autom\u00e1ticos (como widgets o API). La Universidad Aut\u00f3noma de Barcelona no se hace responsable de la mala praxis o utilizaci\u00f3n fraudulenta de la informaci\u00f3n contenida en su sitio web y se reserva la eventual utilizaci\u00f3n de las medidas legales pertinentes para la protecci\u00f3n de su imagen o intereses.<\/p>\n<p><strong>Jurisdicci\u00f3n y leyes aplicables<\/strong><br \/>\nEste sitio web se rige por las leyes espa\u00f1olas independientemente del entorno legal del usuario, y cualquier litigio que se suscite se dirimir\u00e1 en los tribunales espa\u00f1oles.<\/p>\n","protected":false},"excerpt":{"rendered":"<p>Datos identificativos del sitio web \u201chttps:\/\/escoladeligop.cat\/\u201d es un dominio de Internet de titularidad del Instituto de Gobierno y Pol\u00edticas p\u00fablicas (IGOP), un instituto de investigaci\u00f3n de la Universidad Aut\u00f3noma de Barcelona (CIF Q-0818002-H). Edifici A. Campus Universitari UAB. Bellaterra (Cerdanyola del Vall\u00e8s) 08193 Barcelona (www.uab.cat) Derechos de propiedad intelectual y licencias de uso abierto Este [&hellip;]<\/p>\n","protected":false},"author":1,"featured_media":0,"parent":0,"menu_order":0,"comment_status":"closed","ping_status":"closed","template":"","meta":{"_et_pb_use_builder":"","_et_pb_old_content":"","_et_gb_content_width":"","footnotes":""},"class_list":["post-1461884","page","type-page","status-publish","hentry"],"_links":{"self":[{"href":"https:\/\/escoladeligop.com\/es\/wp-json\/wp\/v2\/pages\/1461884","targetHints":{"allow":["GET"]}}],"collection":[{"href":"https:\/\/escoladeligop.com\/es\/wp-json\/wp\/v2\/pages"}],"about":[{"href":"https:\/\/escoladeligop.com\/es\/wp-json\/wp\/v2\/types\/page"}],"author":[{"embeddable":true,"href":"https:\/\/escoladeligop.com\/es\/wp-json\/wp\/v2\/users\/1"}],"replies":[{"embeddable":true,"href":"https:\/\/escoladeligop.com\/es\/wp-json\/wp\/v2\/comments?post=1461884"}],"version-history":[{"count":0,"href":"https:\/\/escoladeligop.com\/es\/wp-json\/wp\/v2\/pages\/1461884\/revisions"}],"wp:attachment":[{"href":"https:\/\/escoladeligop.com\/es\/wp-json\/wp\/v2\/media?parent=1461884"}],"curies":[{"name":"wp","href":"https:\/\/api.w.org\/{rel}","templated":true}]}}